{"id":29,"date":"2016-08-10T08:47:04","date_gmt":"2016-08-10T08:47:04","guid":{"rendered":"http:\/\/alberguesegundaetapa.apps-1and1.net\/?page_id=29"},"modified":"2017-04-06T11:51:54","modified_gmt":"2017-04-06T10:51:54","slug":"albergues-baratos-del-camino-de-santiago-en-zubiri-navarra","status":"publish","type":"page","link":"http:\/\/alberguesegundaetapa.com\/fr\/albergues-baratos-del-camino-de-santiago-en-zubiri-navarra","title":{"rendered":"RESERVATIONS"},"content":{"rendered":"<p><\/p>\n<div hidden=\"\">\n<h2>Albergues baratos del camino de santiago en zubiri navarra<\/h2>\n<\/div>\n<div hidden=\"\">\n<strong>Albergues baratos del camino de santiago en zubiri navarra<\/strong><br \/>\nAvenida de Roncesvalles, 22 \u2013 31630 <strong>ZUBIRI<\/strong> (NAVARRA)<br \/>\nTel\u00e9fono (+34) 948304170   (+34) 697186560<br \/>\n<em><a href=\"mailto:info@alberguesegundaetapa.com\">info@alberguesegundaetapa.com<\/a><\/em><br \/>\n<strong>Albergue Segunda Etapa<\/strong> es un moderno y acogedor Albergue mientras descansais en vuestra segunda etapa y disfrutais del descanso.<\/p>\n<p><a href=\"http:\/\/www.emergecreativos.com\">Mientras aqui el texto que quieras<\/a><\/p>\n<p>&nbsp; <span lang=\"es\">Donde todo el mundo probablemente busca comodidad y un lugar para relajarse es bienvenido<\/span>.<\/p>\n<p>Situada a mitad de camino entre Orreaga\/Roncesvalles y sin embargo,<br \/>\nencontramos esta localidad, parada obligatoria en el <strong>Camino de Santiago <\/strong>Franc\u00e9s.<\/p>\n<p>Rodeada de bello paisaje es tambi\u00e9n Zubiri esa capital del valle de Esteribar.<\/p>\n<p>Aunque el pueblo se ha transformado recientemente mientras a\u00fan conserva alguna casa desde caracter\u00edstica del siglo XVIII.<\/p>\n<p>Y El <strong>puente medieval <\/strong>quiz\u00e1s da nombre al municipio tambi\u00e9n salva el curso del r\u00edo Arga.<\/p>\n<p>Tambi\u00e9n conocido como puente la Rabia testigo hasta hace unos a\u00f1os sin embargo de <strong>una singular tradici\u00f3n<\/strong>:<br \/>\ny es que se obligaba a los animales a pasar alrededor de su pilar central para evitar la rabia y seg\u00fan cuenta la leyenda ostenta ese poder sobrenatural.<\/p>\n<p>Entonces las fiestas patronales de la localidad se celebran la primera semana de agosto en honor a San Esteban porque habitualmente,<br \/>\nes sobre todo fin de etapa del Camino de Santiago, para quienes salen de Roncesvalles, una de las etapas m\u00e1s bonitas, y dura tambi\u00e9n, del Camino Franc\u00e9s a su paso por Navarra y mejor lugar Zubiri.<\/p>\n<p>Sin embargo Zubiri es tambi\u00e9n localidad y concejo del valle y municipio de Ester\u00edbar de la Comunidad Foral de Navarra y aunque tambi\u00e9n esta dentro de la comarca de Au\u00f1amendi quiz\u00e1s la Merindad de Sang\u00fcesa.<\/p>\n<p>Finalmente capital administrativa del valle y donde se ubica su ayuntamiento y adem\u00e1s el centro industrial del mismo.<\/p>\n<\/div>\n<p><img loading=\"lazy\" decoding=\"async\" class=\"alignnone wp-image-364 aligncenter\" title=\"Albergue camino de santiago Zubiri Navarra\" src=\"http:\/\/alberguesegundaetapa.com\/wp-content\/uploads\/2016\/08\/Albergue-camino-de-santiago-Zubiri-Navarra.jpg\" alt=\"Albergues baratos del camino de santiago en zubiri navarra\" width=\"421\" height=\"43\" srcset=\"http:\/\/alberguesegundaetapa.com\/wp-content\/uploads\/2016\/08\/Albergue-camino-de-santiago-Zubiri-Navarra.jpg 450w, http:\/\/alberguesegundaetapa.com\/wp-content\/uploads\/2016\/08\/Albergue-camino-de-santiago-Zubiri-Navarra-300x31.jpg 300w, http:\/\/alberguesegundaetapa.com\/wp-content\/uploads\/2016\/08\/Albergue-camino-de-santiago-Zubiri-Navarra-240x25.jpg 240w, http:\/\/alberguesegundaetapa.com\/wp-content\/uploads\/2016\/08\/Albergue-camino-de-santiago-Zubiri-Navarra-430x44.jpg 430w\" sizes=\"auto, (max-width: 421px) 100vw, 421px\" \/><\/p>\n<p style=\"text-align: center;\">\n<div class=\"wpcf7 no-js\" id=\"wpcf7-f177-o3\" lang=\"es-ES\" dir=\"ltr\" data-wpcf7-id=\"177\">\n<div class=\"screen-reader-response\"><p role=\"status\" aria-live=\"polite\" aria-atomic=\"true\"><\/p> <ul><\/ul><\/div>\n<form action=\"\/fr\/wp-json\/wp\/v2\/pages\/29#wpcf7-f177-o3\" method=\"post\" class=\"wpcf7-form init\" aria-label=\"Formulario de contacto\" novalidate=\"novalidate\" data-status=\"init\">\n<fieldset class=\"hidden-fields-container\"><input type=\"hidden\" name=\"_wpcf7\" value=\"177\" \/><input type=\"hidden\" name=\"_wpcf7_version\" value=\"6.1.5\" \/><input type=\"hidden\" name=\"_wpcf7_locale\" value=\"es_ES\" \/><input type=\"hidden\" name=\"_wpcf7_unit_tag\" value=\"wpcf7-f177-o3\" \/><input type=\"hidden\" name=\"_wpcf7_container_post\" value=\"0\" \/><input type=\"hidden\" name=\"_wpcf7_posted_data_hash\" value=\"\" \/>\n<\/fieldset>\n<table id=\"tabla_form_reservas\">\n\t<tr>\n\t\t<td>\n\t\t\t<p>* Nom et pr\u00e9nom\n\t\t\t<\/p>\n\t\t<\/td>\n\t\t<td>\n\t\t\t<p><span class=\"wpcf7-form-control-wrap\" data-name=\"your-name\"><input size=\"40\" maxlength=\"400\" class=\"wpcf7-form-control wpcf7-text wpcf7-validates-as-required\" aria-required=\"true\" aria-invalid=\"false\" value=\"\" type=\"text\" name=\"your-name\" \/><\/span>\n\t\t\t<\/p>\n\t\t<\/td>\n\t<\/tr>\n\t<tr>\n\t\t<td>\n\t\t\t<p>* Mail\n\t\t\t<\/p>\n\t\t<\/td>\n\t\t<td>\n\t\t\t<p><span class=\"wpcf7-form-control-wrap\" data-name=\"your-email\"><input size=\"40\" maxlength=\"400\" class=\"wpcf7-form-control wpcf7-email wpcf7-validates-as-required wpcf7-text wpcf7-validates-as-email\" aria-required=\"true\" aria-invalid=\"false\" value=\"\" type=\"email\" name=\"your-email\" \/><\/span>\n\t\t\t<\/p>\n\t\t<\/td>\n\t<\/tr>\n\t<tr>\n\t\t<td>\n\t\t\t<p>* T\u00e9l\u00e9phone\n\t\t\t<\/p>\n\t\t<\/td>\n\t\t<td>\n\t\t\t<p><span class=\"wpcf7-form-control-wrap\" data-name=\"tel-416\"><input size=\"40\" maxlength=\"400\" class=\"wpcf7-form-control wpcf7-tel wpcf7-validates-as-required wpcf7-text wpcf7-validates-as-tel\" aria-required=\"true\" aria-invalid=\"false\" value=\"\" type=\"tel\" name=\"tel-416\" \/><\/span>\n\t\t\t<\/p>\n\t\t<\/td>\n\t<\/tr>\n\t<tr>\n\t\t<td>\n\t\t\t<p>Date d'entr\u00e9e\n\t\t\t<\/p>\n\t\t<\/td>\n\t\t<td>\n\t\t\t<p><span class=\"wpcf7-form-control-wrap\" data-name=\"fecha_entrada\"><input size=\"40\" maxlength=\"400\" class=\"wpcf7-form-control wpcf7-text\" aria-invalid=\"false\" value=\"\" type=\"text\" name=\"fecha_entrada\" \/><\/span>\n\t\t\t<\/p>\n\t\t<\/td>\n\t<\/tr>\n\t<tr>\n\t\t<td>\n\t\t\t<p>Nombre de personnes\n\t\t\t<\/p>\n\t\t<\/td>\n\t\t<td>\n\t\t\t<p><span class=\"wpcf7-form-control-wrap\" data-name=\"number-563\"><input size=\"40\" maxlength=\"400\" class=\"wpcf7-form-control wpcf7-text\" aria-invalid=\"false\" value=\"\" type=\"text\" name=\"number-563\" \/><\/span>\n\t\t\t<\/p>\n\t\t<\/td>\n\t<\/tr>\n<\/table>\n<p><label> Commentaires<br \/>\n<span class=\"wpcf7-form-control-wrap\" data-name=\"your-message\"><textarea cols=\"40\" rows=\"10\" maxlength=\"2000\" class=\"wpcf7-form-control wpcf7-textarea\" aria-invalid=\"false\" name=\"your-message\"><\/textarea><\/span> <\/label>\n<\/p>\n<p><input class=\"wpcf7-form-control wpcf7-submit has-spinner\" type=\"submit\" value=\"Sumbit\" \/> *Champ requis\n<\/p><div class=\"wpcf7-response-output\" aria-hidden=\"true\"><\/div>\n<\/form>\n<\/div>\n<\/p>\n<p><\/p>","protected":false},"excerpt":{"rendered":"<p>Albergues baratos del camino de santiago en zubiri navarra Albergues baratos del camino de santiago en zubiri navarra Avenida de&nbsp;[&hellip;]<\/p>\n","protected":false},"author":1,"featured_media":0,"parent":0,"menu_order":0,"comment_status":"closed","ping_status":"closed","template":"page-templates\/template_fullwidth.php","meta":{"_monsterinsights_skip_tracking":false,"_monsterinsights_sitenote_active":false,"_monsterinsights_sitenote_note":"","_monsterinsights_sitenote_category":0,"ngg_post_thumbnail":0,"footnotes":""},"class_list":["post-29","page","type-page","status-publish","hentry","post-item clearfix"],"yoast_head":"<!-- This site is optimized with the Yoast SEO plugin v27.4 - https:\/\/yoast.com\/product\/yoast-seo-wordpress\/ -->\n<title>reservas Albergue Segunda Etapa, Camino de Santiago, ZUBIRI, Navarra<\/title>\n<meta name=\"description\" content=\"(Espa\u00f1ol) Albergues baratos del camino de santiago en zubiri navarra, Avenida de Roncesvalles, 22 Tel. (+34) 948304170 info@alberguesegundaetapa.com\" \/>\n<meta name=\"robots\" content=\"noindex, follow, max-snippet:-1, max-image-preview:large, max-video-preview:-1\" \/>\n<meta property=\"og:locale\" content=\"fr_FR\" \/>\n<meta property=\"og:type\" content=\"article\" \/>\n<meta property=\"og:title\" content=\"reservas Albergue Segunda Etapa, Camino de Santiago, ZUBIRI, Navarra\" \/>\n<meta property=\"og:description\" content=\"(Espa\u00f1ol) Albergues baratos del camino de santiago en zubiri navarra, Avenida de Roncesvalles, 22 Tel. (+34) 948304170 info@alberguesegundaetapa.com\" \/>\n<meta property=\"og:url\" content=\"http:\/\/alberguesegundaetapa.com\/fr\/albergues-baratos-del-camino-de-santiago-en-zubiri-navarra\" \/>\n<meta property=\"og:site_name\" content=\"Albergue Segunda Etapa ZUBIRI Camino de Santiago\" \/>\n<meta property=\"article:publisher\" content=\"https:\/\/www.facebook.com\/alberguesegundaetapazubiri\/\" \/>\n<meta property=\"article:modified_time\" content=\"2017-04-06T10:51:54+00:00\" \/>\n<meta property=\"og:image\" content=\"http:\/\/alberguesegundaetapa.com\/wp-content\/uploads\/2016\/08\/Albergue-camino-de-santiago-Zubiri-Navarra.jpg\" \/>\n\t<meta property=\"og:image:width\" content=\"450\" \/>\n\t<meta property=\"og:image:height\" content=\"46\" \/>\n\t<meta property=\"og:image:type\" content=\"image\/jpeg\" \/>\n<meta name=\"twitter:card\" content=\"summary_large_image\" \/>\n<meta name=\"twitter:site\" content=\"@albergue2etapa\" \/>\n<meta name=\"twitter:label1\" content=\"Dur\u00e9e de lecture estim\u00e9e\" \/>\n\t<meta name=\"twitter:data1\" content=\"5 minutes\" \/>\n<script type=\"application\/ld+json\" class=\"yoast-schema-graph\">{\"@context\":\"https:\\\/\\\/schema.org\",\"@graph\":[{\"@type\":\"WebPage\",\"@id\":\"http:\\\/\\\/alberguesegundaetapa.com\\\/fr\\\/albergues-baratos-del-camino-de-santiago-en-zubiri-navarra\",\"url\":\"http:\\\/\\\/alberguesegundaetapa.com\\\/fr\\\/albergues-baratos-del-camino-de-santiago-en-zubiri-navarra\",\"name\":\"reservas Albergue Segunda Etapa, Camino de Santiago, ZUBIRI, Navarra\",\"isPartOf\":{\"@id\":\"http:\\\/\\\/alberguesegundaetapa.com\\\/en\\\/#website\"},\"primaryImageOfPage\":{\"@id\":\"http:\\\/\\\/alberguesegundaetapa.com\\\/fr\\\/albergues-baratos-del-camino-de-santiago-en-zubiri-navarra#primaryimage\"},\"image\":{\"@id\":\"http:\\\/\\\/alberguesegundaetapa.com\\\/fr\\\/albergues-baratos-del-camino-de-santiago-en-zubiri-navarra#primaryimage\"},\"thumbnailUrl\":\"http:\\\/\\\/alberguesegundaetapa.com\\\/wp-content\\\/uploads\\\/2016\\\/08\\\/Albergue-camino-de-santiago-Zubiri-Navarra.jpg\",\"datePublished\":\"2016-08-10T08:47:04+00:00\",\"dateModified\":\"2017-04-06T10:51:54+00:00\",\"description\":\"(Espa\u00f1ol) Albergues baratos del camino de santiago en zubiri navarra, Avenida de Roncesvalles, 22 Tel. (+34) 948304170 info@alberguesegundaetapa.com\",\"breadcrumb\":{\"@id\":\"http:\\\/\\\/alberguesegundaetapa.com\\\/fr\\\/albergues-baratos-del-camino-de-santiago-en-zubiri-navarra#breadcrumb\"},\"inLanguage\":\"fr-FR\",\"potentialAction\":[{\"@type\":\"ReadAction\",\"target\":[\"http:\\\/\\\/alberguesegundaetapa.com\\\/fr\\\/albergues-baratos-del-camino-de-santiago-en-zubiri-navarra\"]}]},{\"@type\":\"ImageObject\",\"inLanguage\":\"fr-FR\",\"@id\":\"http:\\\/\\\/alberguesegundaetapa.com\\\/fr\\\/albergues-baratos-del-camino-de-santiago-en-zubiri-navarra#primaryimage\",\"url\":\"http:\\\/\\\/alberguesegundaetapa.com\\\/wp-content\\\/uploads\\\/2016\\\/08\\\/Albergue-camino-de-santiago-Zubiri-Navarra.jpg\",\"contentUrl\":\"http:\\\/\\\/alberguesegundaetapa.com\\\/wp-content\\\/uploads\\\/2016\\\/08\\\/Albergue-camino-de-santiago-Zubiri-Navarra.jpg\"},{\"@type\":\"BreadcrumbList\",\"@id\":\"http:\\\/\\\/alberguesegundaetapa.com\\\/fr\\\/albergues-baratos-del-camino-de-santiago-en-zubiri-navarra#breadcrumb\",\"itemListElement\":[{\"@type\":\"ListItem\",\"position\":1,\"name\":\"Portada\",\"item\":\"http:\\\/\\\/alberguesegundaetapa.com\\\/en\\\/\"},{\"@type\":\"ListItem\",\"position\":2,\"name\":\"RESERVATIONS\"}]},{\"@type\":\"WebSite\",\"@id\":\"http:\\\/\\\/alberguesegundaetapa.com\\\/en\\\/#website\",\"url\":\"http:\\\/\\\/alberguesegundaetapa.com\\\/en\\\/\",\"name\":\"Albergue Segunda Etapa ZUBIRI Camino de Santiago\",\"description\":\"Albergue Segunda Etapa ZUBIRI Camino de Santiago\",\"publisher\":{\"@id\":\"http:\\\/\\\/alberguesegundaetapa.com\\\/en\\\/#organization\"},\"potentialAction\":[{\"@type\":\"SearchAction\",\"target\":{\"@type\":\"EntryPoint\",\"urlTemplate\":\"http:\\\/\\\/alberguesegundaetapa.com\\\/en\\\/?s={search_term_string}\"},\"query-input\":{\"@type\":\"PropertyValueSpecification\",\"valueRequired\":true,\"valueName\":\"search_term_string\"}}],\"inLanguage\":\"fr-FR\"},{\"@type\":\"Organization\",\"@id\":\"http:\\\/\\\/alberguesegundaetapa.com\\\/en\\\/#organization\",\"name\":\"Albergue Segunda etapa\",\"url\":\"http:\\\/\\\/alberguesegundaetapa.com\\\/en\\\/\",\"logo\":{\"@type\":\"ImageObject\",\"inLanguage\":\"fr-FR\",\"@id\":\"http:\\\/\\\/alberguesegundaetapa.com\\\/en\\\/#\\\/schema\\\/logo\\\/image\\\/\",\"url\":\"http:\\\/\\\/alberguesegundaetapa.com\\\/wp-content\\\/uploads\\\/2016\\\/08\\\/Logo.jpg\",\"contentUrl\":\"http:\\\/\\\/alberguesegundaetapa.com\\\/wp-content\\\/uploads\\\/2016\\\/08\\\/Logo.jpg\",\"width\":200,\"height\":100,\"caption\":\"Albergue Segunda etapa\"},\"image\":{\"@id\":\"http:\\\/\\\/alberguesegundaetapa.com\\\/en\\\/#\\\/schema\\\/logo\\\/image\\\/\"},\"sameAs\":[\"https:\\\/\\\/www.facebook.com\\\/alberguesegundaetapazubiri\\\/\",\"https:\\\/\\\/x.com\\\/albergue2etapa\"]}]}<\/script>\n<!-- \/ Yoast SEO plugin. -->","yoast_head_json":{"title":"reservas Albergue Segunda Etapa, Camino de Santiago, ZUBIRI, Navarra","description":"(Espa\u00f1ol) Albergues baratos del camino de santiago en zubiri navarra, Avenida de Roncesvalles, 22 Tel. (+34) 948304170 info@alberguesegundaetapa.com","robots":{"index":"noindex","follow":"follow","max-snippet":"max-snippet:-1","max-image-preview":"max-image-preview:large","max-video-preview":"max-video-preview:-1"},"og_locale":"fr_FR","og_type":"article","og_title":"reservas Albergue Segunda Etapa, Camino de Santiago, ZUBIRI, Navarra","og_description":"(Espa\u00f1ol) Albergues baratos del camino de santiago en zubiri navarra, Avenida de Roncesvalles, 22 Tel. (+34) 948304170 info@alberguesegundaetapa.com","og_url":"http:\/\/alberguesegundaetapa.com\/fr\/albergues-baratos-del-camino-de-santiago-en-zubiri-navarra","og_site_name":"Albergue Segunda Etapa ZUBIRI Camino de Santiago","article_publisher":"https:\/\/www.facebook.com\/alberguesegundaetapazubiri\/","article_modified_time":"2017-04-06T10:51:54+00:00","og_image":[{"width":450,"height":46,"url":"http:\/\/alberguesegundaetapa.com\/wp-content\/uploads\/2016\/08\/Albergue-camino-de-santiago-Zubiri-Navarra.jpg","type":"image\/jpeg"}],"twitter_card":"summary_large_image","twitter_site":"@albergue2etapa","twitter_misc":{"Dur\u00e9e de lecture estim\u00e9e":"5 minutes"},"schema":{"@context":"https:\/\/schema.org","@graph":[{"@type":"WebPage","@id":"http:\/\/alberguesegundaetapa.com\/fr\/albergues-baratos-del-camino-de-santiago-en-zubiri-navarra","url":"http:\/\/alberguesegundaetapa.com\/fr\/albergues-baratos-del-camino-de-santiago-en-zubiri-navarra","name":"reservas Albergue Segunda Etapa, Camino de Santiago, ZUBIRI, Navarra","isPartOf":{"@id":"http:\/\/alberguesegundaetapa.com\/en\/#website"},"primaryImageOfPage":{"@id":"http:\/\/alberguesegundaetapa.com\/fr\/albergues-baratos-del-camino-de-santiago-en-zubiri-navarra#primaryimage"},"image":{"@id":"http:\/\/alberguesegundaetapa.com\/fr\/albergues-baratos-del-camino-de-santiago-en-zubiri-navarra#primaryimage"},"thumbnailUrl":"http:\/\/alberguesegundaetapa.com\/wp-content\/uploads\/2016\/08\/Albergue-camino-de-santiago-Zubiri-Navarra.jpg","datePublished":"2016-08-10T08:47:04+00:00","dateModified":"2017-04-06T10:51:54+00:00","description":"(Espa\u00f1ol) Albergues baratos del camino de santiago en zubiri navarra, Avenida de Roncesvalles, 22 Tel. (+34) 948304170 info@alberguesegundaetapa.com","breadcrumb":{"@id":"http:\/\/alberguesegundaetapa.com\/fr\/albergues-baratos-del-camino-de-santiago-en-zubiri-navarra#breadcrumb"},"inLanguage":"fr-FR","potentialAction":[{"@type":"ReadAction","target":["http:\/\/alberguesegundaetapa.com\/fr\/albergues-baratos-del-camino-de-santiago-en-zubiri-navarra"]}]},{"@type":"ImageObject","inLanguage":"fr-FR","@id":"http:\/\/alberguesegundaetapa.com\/fr\/albergues-baratos-del-camino-de-santiago-en-zubiri-navarra#primaryimage","url":"http:\/\/alberguesegundaetapa.com\/wp-content\/uploads\/2016\/08\/Albergue-camino-de-santiago-Zubiri-Navarra.jpg","contentUrl":"http:\/\/alberguesegundaetapa.com\/wp-content\/uploads\/2016\/08\/Albergue-camino-de-santiago-Zubiri-Navarra.jpg"},{"@type":"BreadcrumbList","@id":"http:\/\/alberguesegundaetapa.com\/fr\/albergues-baratos-del-camino-de-santiago-en-zubiri-navarra#breadcrumb","itemListElement":[{"@type":"ListItem","position":1,"name":"Portada","item":"http:\/\/alberguesegundaetapa.com\/en\/"},{"@type":"ListItem","position":2,"name":"RESERVATIONS"}]},{"@type":"WebSite","@id":"http:\/\/alberguesegundaetapa.com\/en\/#website","url":"http:\/\/alberguesegundaetapa.com\/en\/","name":"Albergue Segunda Etapa ZUBIRI Camino de Santiago","description":"Albergue Segunda Etapa ZUBIRI Camino de Santiago","publisher":{"@id":"http:\/\/alberguesegundaetapa.com\/en\/#organization"},"potentialAction":[{"@type":"SearchAction","target":{"@type":"EntryPoint","urlTemplate":"http:\/\/alberguesegundaetapa.com\/en\/?s={search_term_string}"},"query-input":{"@type":"PropertyValueSpecification","valueRequired":true,"valueName":"search_term_string"}}],"inLanguage":"fr-FR"},{"@type":"Organization","@id":"http:\/\/alberguesegundaetapa.com\/en\/#organization","name":"Albergue Segunda etapa","url":"http:\/\/alberguesegundaetapa.com\/en\/","logo":{"@type":"ImageObject","inLanguage":"fr-FR","@id":"http:\/\/alberguesegundaetapa.com\/en\/#\/schema\/logo\/image\/","url":"http:\/\/alberguesegundaetapa.com\/wp-content\/uploads\/2016\/08\/Logo.jpg","contentUrl":"http:\/\/alberguesegundaetapa.com\/wp-content\/uploads\/2016\/08\/Logo.jpg","width":200,"height":100,"caption":"Albergue Segunda etapa"},"image":{"@id":"http:\/\/alberguesegundaetapa.com\/en\/#\/schema\/logo\/image\/"},"sameAs":["https:\/\/www.facebook.com\/alberguesegundaetapazubiri\/","https:\/\/x.com\/albergue2etapa"]}]}},"_links":{"self":[{"href":"http:\/\/alberguesegundaetapa.com\/fr\/wp-json\/wp\/v2\/pages\/29","targetHints":{"allow":["GET"]}}],"collection":[{"href":"http:\/\/alberguesegundaetapa.com\/fr\/wp-json\/wp\/v2\/pages"}],"about":[{"href":"http:\/\/alberguesegundaetapa.com\/fr\/wp-json\/wp\/v2\/types\/page"}],"author":[{"embeddable":true,"href":"http:\/\/alberguesegundaetapa.com\/fr\/wp-json\/wp\/v2\/users\/1"}],"replies":[{"embeddable":true,"href":"http:\/\/alberguesegundaetapa.com\/fr\/wp-json\/wp\/v2\/comments?post=29"}],"version-history":[{"count":29,"href":"http:\/\/alberguesegundaetapa.com\/fr\/wp-json\/wp\/v2\/pages\/29\/revisions"}],"predecessor-version":[{"id":581,"href":"http:\/\/alberguesegundaetapa.com\/fr\/wp-json\/wp\/v2\/pages\/29\/revisions\/581"}],"wp:attachment":[{"href":"http:\/\/alberguesegundaetapa.com\/fr\/wp-json\/wp\/v2\/media?parent=29"}],"curies":[{"name":"wp","href":"https:\/\/api.w.org\/{rel}","templated":true}]}}