{"id":23,"date":"2016-08-10T08:46:23","date_gmt":"2016-08-10T08:46:23","guid":{"rendered":"http:\/\/alberguesegundaetapa.apps-1and1.net\/?page_id=23"},"modified":"2017-04-06T11:47:29","modified_gmt":"2017-04-06T10:47:29","slug":"albergue-peregrinos-segunda-etapa-zubiri-navarra","status":"publish","type":"page","link":"http:\/\/alberguesegundaetapa.com\/fr\/albergue-peregrinos-segunda-etapa-zubiri-navarra","title":{"rendered":"SERVICES"},"content":{"rendered":"<p><\/p>\n<div hidden=\"\">\n<h2>Albergue peregrinos segunda etapa Zubiri Navarra<\/h2>\n<\/div>\n<p><img loading=\"lazy\" decoding=\"async\" class=\"alignnone wp-image-364 size-full aligncenter\" title=\"Albergue peregrinos segunda etapa Zubiri Navarra\" src=\"http:\/\/alberguesegundaetapa.com\/wp-content\/uploads\/2016\/08\/Albergue-camino-de-santiago-Zubiri-Navarra.jpg\" alt=\"Albergue peregrinos segunda etapa Zubiri Navarraa\" width=\"450\" height=\"46\" srcset=\"http:\/\/alberguesegundaetapa.com\/wp-content\/uploads\/2016\/08\/Albergue-camino-de-santiago-Zubiri-Navarra.jpg 450w, http:\/\/alberguesegundaetapa.com\/wp-content\/uploads\/2016\/08\/Albergue-camino-de-santiago-Zubiri-Navarra-300x31.jpg 300w, http:\/\/alberguesegundaetapa.com\/wp-content\/uploads\/2016\/08\/Albergue-camino-de-santiago-Zubiri-Navarra-240x25.jpg 240w, http:\/\/alberguesegundaetapa.com\/wp-content\/uploads\/2016\/08\/Albergue-camino-de-santiago-Zubiri-Navarra-430x44.jpg 430w\" sizes=\"auto, (max-width: 450px) 100vw, 450px\" \/><\/p>\n<div style=\"text-align: center;\" hidden=\"\">\n<div><strong>Albergue Segunda Etapa<\/strong><br \/>\nAvenida de Roncesvalles, 22 \u2013 31630 ZUBIRI (NAVARRA)<br \/>\nTel\u00e9fono (+34) 948304170 | M\u00f3vil: (+34) 697186560<br \/>\n<a href=\"mailto:info@alberguesegundaetapa.com\">info@alberguesegundaetapa.com<\/a><\/div>\n<p style=\"text-align: center;\"><em><strong>Registro Turismo Gobierno de Navarra: UAB0116<\/strong><\/em><\/p>\n<p><strong>Albergue Segunda Etapa<\/strong> es un moderno y acogedor Albergue sin embargo es maravilloso<\/p>\n<p>&nbsp; <span lang=\"es\">Donde todo el mundo que busca la comodidad y un lugar para relajarse es bienvenido<\/span>.<\/p>\n<p>Situada a mitad de camino entre Orreaga\/Roncesvalles y Pamplona encontramos esta localidad que es parada obligatoria en el <strong>Camino de Santiago <\/strong>Franc\u00e9s.<\/p>\n<p>Rodeada de un bello paisajemientras que Zubiri es la capital del valle de Esteribar.<br \/>\nAlbergue peregrinos segunda etapa Zubiri Navarra<br \/>\nAunque el pueblo se ha transformado recientemente,<br \/>\nconserva alguna casa caracter\u00edstica del siglo XVIII sin embargo Albergues baratos en Navarra es<br \/>\nEl <strong>puente medieval <\/strong>que da nombre al municipio salva el curso del r\u00edo Arga Tambi\u00e9n conocido como puente de la Rabia que ha sido testigo hasta hace unos a\u00f1os de <strong>una singular tradici\u00f3n<\/strong>:<br \/>\nse obligaba a los animales a pasar alrededor de su pilar central que era para evitar la rabia, pues seg\u00fan cuenta la leyenda ostenta ese poder sobrenatural mientras Las fiestas patronales de la localidad se celebran la primera semana de agosto en honor a San Esteban.<\/p>\n<p>Porque, es fin de etapa del Camino de Santiago, para quienes salen de Roncesvalles, una de las etapas m\u00e1s bonitas adem\u00e1s de dura tambi\u00e9n, del Camino Franc\u00e9s a su paso por Navarra<br \/>\nAlbergues baratos en Navarra\n<\/p><\/div>\n<p><img loading=\"lazy\" decoding=\"async\" class=\"aligncenter\" src=\"http:\/\/alberguesegundaetapa.com\/wp-content\/uploads\/2016\/08\/200px-Wi-Fi_Logo.svg_.png\" alt=\"200px-Wi-Fi_Logo.svg\" align=\"middle\" width=\"50\" height=\"32\"><\/p>\n<h4 style=\"text-align: center;\">Garage \u00e0 v\u00e9los<\/h4>\n<h4 style=\"text-align: center;\">Casiers individuels<\/h4>\n<h4 style=\"text-align: center;\">Salon &#8211; Salle \u00e0 manger avec des si\u00e8ges pour 12 personnes<\/h4>\n<h4 style=\"text-align: center;\">Chauffage et climatisation<\/h4>\n<h4 style=\"text-align: center;\">Armoire \u00e0 pharmacie<\/h4>\n<h4 style=\"text-align: center;\">Machine \u00e0 laver &#8211; S\u00e8che-linge &#8211; Etendoir<\/h4>\n<h4 style=\"text-align: center;\">R\u00e9frig\u00e9rateur<\/h4>\n<h4 style=\"text-align: center;\">Micro-ondes<\/h4>\n<p><\/p>","protected":false},"excerpt":{"rendered":"<p>Albergue peregrinos segunda etapa Zubiri Navarra Albergue Segunda Etapa Avenida de Roncesvalles, 22 \u2013 31630 ZUBIRI (NAVARRA) Tel\u00e9fono (+34) 948304170&nbsp;[&hellip;]<\/p>\n","protected":false},"author":1,"featured_media":0,"parent":0,"menu_order":0,"comment_status":"closed","ping_status":"closed","template":"page-templates\/template_fullwidth.php","meta":{"_monsterinsights_skip_tracking":false,"_monsterinsights_sitenote_active":false,"_monsterinsights_sitenote_note":"","_monsterinsights_sitenote_category":0,"ngg_post_thumbnail":0,"footnotes":""},"class_list":["post-23","page","type-page","status-publish","hentry","post-item clearfix"],"yoast_head":"<!-- This site is optimized with the Yoast SEO plugin v27.4 - https:\/\/yoast.com\/product\/yoast-seo-wordpress\/ -->\n<title>Albergue peregrinos segunda etapa Zubiri Navarra<\/title>\n<meta name=\"description\" content=\"(Espa\u00f1ol) Albergue peregrinos segunda etapa Zubiri Navarra Avenida de Roncesvalles, 22 \u2013 31630 ZUBIRI (NAVARRA) Tel\u00e9fono (+34) 948304170 | M\u00f3vil: (+34) 697186560\" \/>\n<meta name=\"robots\" content=\"noindex, follow, max-snippet:-1, max-image-preview:large, max-video-preview:-1\" \/>\n<meta property=\"og:locale\" content=\"fr_FR\" \/>\n<meta property=\"og:type\" content=\"article\" \/>\n<meta property=\"og:title\" content=\"Albergue peregrinos segunda etapa Zubiri Navarra\" \/>\n<meta property=\"og:description\" content=\"(Espa\u00f1ol) Albergue peregrinos segunda etapa Zubiri Navarra Avenida de Roncesvalles, 22 \u2013 31630 ZUBIRI (NAVARRA) Tel\u00e9fono (+34) 948304170 | M\u00f3vil: (+34) 697186560\" \/>\n<meta property=\"og:url\" content=\"http:\/\/alberguesegundaetapa.com\/fr\/albergue-peregrinos-segunda-etapa-zubiri-navarra\" \/>\n<meta property=\"og:site_name\" content=\"Albergue Segunda Etapa ZUBIRI Camino de Santiago\" \/>\n<meta property=\"article:publisher\" content=\"https:\/\/www.facebook.com\/alberguesegundaetapazubiri\/\" \/>\n<meta property=\"article:modified_time\" content=\"2017-04-06T10:47:29+00:00\" \/>\n<meta property=\"og:image\" content=\"http:\/\/alberguesegundaetapa.com\/wp-content\/uploads\/2016\/08\/Albergue-camino-de-santiago-Zubiri-Navarra.jpg\" \/>\n\t<meta property=\"og:image:width\" content=\"450\" \/>\n\t<meta property=\"og:image:height\" content=\"46\" \/>\n\t<meta property=\"og:image:type\" content=\"image\/jpeg\" \/>\n<meta name=\"twitter:card\" content=\"summary_large_image\" \/>\n<meta name=\"twitter:site\" content=\"@albergue2etapa\" \/>\n<meta name=\"twitter:label1\" content=\"Dur\u00e9e de lecture estim\u00e9e\" \/>\n\t<meta name=\"twitter:data1\" content=\"4 minutes\" \/>\n<script type=\"application\/ld+json\" class=\"yoast-schema-graph\">{\"@context\":\"https:\\\/\\\/schema.org\",\"@graph\":[{\"@type\":\"WebPage\",\"@id\":\"http:\\\/\\\/alberguesegundaetapa.com\\\/fr\\\/albergue-peregrinos-segunda-etapa-zubiri-navarra\",\"url\":\"http:\\\/\\\/alberguesegundaetapa.com\\\/fr\\\/albergue-peregrinos-segunda-etapa-zubiri-navarra\",\"name\":\"Albergue peregrinos segunda etapa Zubiri Navarra\",\"isPartOf\":{\"@id\":\"http:\\\/\\\/alberguesegundaetapa.com\\\/en\\\/#website\"},\"primaryImageOfPage\":{\"@id\":\"http:\\\/\\\/alberguesegundaetapa.com\\\/fr\\\/albergue-peregrinos-segunda-etapa-zubiri-navarra#primaryimage\"},\"image\":{\"@id\":\"http:\\\/\\\/alberguesegundaetapa.com\\\/fr\\\/albergue-peregrinos-segunda-etapa-zubiri-navarra#primaryimage\"},\"thumbnailUrl\":\"http:\\\/\\\/alberguesegundaetapa.com\\\/wp-content\\\/uploads\\\/2016\\\/08\\\/Albergue-camino-de-santiago-Zubiri-Navarra.jpg\",\"datePublished\":\"2016-08-10T08:46:23+00:00\",\"dateModified\":\"2017-04-06T10:47:29+00:00\",\"description\":\"(Espa\u00f1ol) Albergue peregrinos segunda etapa Zubiri Navarra Avenida de Roncesvalles, 22 \u2013 31630 ZUBIRI (NAVARRA) Tel\u00e9fono (+34) 948304170 | M\u00f3vil: (+34) 697186560\",\"breadcrumb\":{\"@id\":\"http:\\\/\\\/alberguesegundaetapa.com\\\/fr\\\/albergue-peregrinos-segunda-etapa-zubiri-navarra#breadcrumb\"},\"inLanguage\":\"fr-FR\",\"potentialAction\":[{\"@type\":\"ReadAction\",\"target\":[\"http:\\\/\\\/alberguesegundaetapa.com\\\/fr\\\/albergue-peregrinos-segunda-etapa-zubiri-navarra\"]}]},{\"@type\":\"ImageObject\",\"inLanguage\":\"fr-FR\",\"@id\":\"http:\\\/\\\/alberguesegundaetapa.com\\\/fr\\\/albergue-peregrinos-segunda-etapa-zubiri-navarra#primaryimage\",\"url\":\"http:\\\/\\\/alberguesegundaetapa.com\\\/wp-content\\\/uploads\\\/2016\\\/08\\\/Albergue-camino-de-santiago-Zubiri-Navarra.jpg\",\"contentUrl\":\"http:\\\/\\\/alberguesegundaetapa.com\\\/wp-content\\\/uploads\\\/2016\\\/08\\\/Albergue-camino-de-santiago-Zubiri-Navarra.jpg\"},{\"@type\":\"BreadcrumbList\",\"@id\":\"http:\\\/\\\/alberguesegundaetapa.com\\\/fr\\\/albergue-peregrinos-segunda-etapa-zubiri-navarra#breadcrumb\",\"itemListElement\":[{\"@type\":\"ListItem\",\"position\":1,\"name\":\"Portada\",\"item\":\"http:\\\/\\\/alberguesegundaetapa.com\\\/en\\\/\"},{\"@type\":\"ListItem\",\"position\":2,\"name\":\"SERVICES\"}]},{\"@type\":\"WebSite\",\"@id\":\"http:\\\/\\\/alberguesegundaetapa.com\\\/en\\\/#website\",\"url\":\"http:\\\/\\\/alberguesegundaetapa.com\\\/en\\\/\",\"name\":\"Albergue Segunda Etapa ZUBIRI Camino de Santiago\",\"description\":\"Albergue Segunda Etapa ZUBIRI Camino de Santiago\",\"publisher\":{\"@id\":\"http:\\\/\\\/alberguesegundaetapa.com\\\/en\\\/#organization\"},\"potentialAction\":[{\"@type\":\"SearchAction\",\"target\":{\"@type\":\"EntryPoint\",\"urlTemplate\":\"http:\\\/\\\/alberguesegundaetapa.com\\\/en\\\/?s={search_term_string}\"},\"query-input\":{\"@type\":\"PropertyValueSpecification\",\"valueRequired\":true,\"valueName\":\"search_term_string\"}}],\"inLanguage\":\"fr-FR\"},{\"@type\":\"Organization\",\"@id\":\"http:\\\/\\\/alberguesegundaetapa.com\\\/en\\\/#organization\",\"name\":\"Albergue Segunda etapa\",\"url\":\"http:\\\/\\\/alberguesegundaetapa.com\\\/en\\\/\",\"logo\":{\"@type\":\"ImageObject\",\"inLanguage\":\"fr-FR\",\"@id\":\"http:\\\/\\\/alberguesegundaetapa.com\\\/en\\\/#\\\/schema\\\/logo\\\/image\\\/\",\"url\":\"http:\\\/\\\/alberguesegundaetapa.com\\\/wp-content\\\/uploads\\\/2016\\\/08\\\/Logo.jpg\",\"contentUrl\":\"http:\\\/\\\/alberguesegundaetapa.com\\\/wp-content\\\/uploads\\\/2016\\\/08\\\/Logo.jpg\",\"width\":200,\"height\":100,\"caption\":\"Albergue Segunda etapa\"},\"image\":{\"@id\":\"http:\\\/\\\/alberguesegundaetapa.com\\\/en\\\/#\\\/schema\\\/logo\\\/image\\\/\"},\"sameAs\":[\"https:\\\/\\\/www.facebook.com\\\/alberguesegundaetapazubiri\\\/\",\"https:\\\/\\\/x.com\\\/albergue2etapa\"]}]}<\/script>\n<!-- \/ Yoast SEO plugin. -->","yoast_head_json":{"title":"Albergue peregrinos segunda etapa Zubiri Navarra","description":"(Espa\u00f1ol) Albergue peregrinos segunda etapa Zubiri Navarra Avenida de Roncesvalles, 22 \u2013 31630 ZUBIRI (NAVARRA) Tel\u00e9fono (+34) 948304170 | M\u00f3vil: (+34) 697186560","robots":{"index":"noindex","follow":"follow","max-snippet":"max-snippet:-1","max-image-preview":"max-image-preview:large","max-video-preview":"max-video-preview:-1"},"og_locale":"fr_FR","og_type":"article","og_title":"Albergue peregrinos segunda etapa Zubiri Navarra","og_description":"(Espa\u00f1ol) Albergue peregrinos segunda etapa Zubiri Navarra Avenida de Roncesvalles, 22 \u2013 31630 ZUBIRI (NAVARRA) Tel\u00e9fono (+34) 948304170 | M\u00f3vil: (+34) 697186560","og_url":"http:\/\/alberguesegundaetapa.com\/fr\/albergue-peregrinos-segunda-etapa-zubiri-navarra","og_site_name":"Albergue Segunda Etapa ZUBIRI Camino de Santiago","article_publisher":"https:\/\/www.facebook.com\/alberguesegundaetapazubiri\/","article_modified_time":"2017-04-06T10:47:29+00:00","og_image":[{"width":450,"height":46,"url":"http:\/\/alberguesegundaetapa.com\/wp-content\/uploads\/2016\/08\/Albergue-camino-de-santiago-Zubiri-Navarra.jpg","type":"image\/jpeg"}],"twitter_card":"summary_large_image","twitter_site":"@albergue2etapa","twitter_misc":{"Dur\u00e9e de lecture estim\u00e9e":"4 minutes"},"schema":{"@context":"https:\/\/schema.org","@graph":[{"@type":"WebPage","@id":"http:\/\/alberguesegundaetapa.com\/fr\/albergue-peregrinos-segunda-etapa-zubiri-navarra","url":"http:\/\/alberguesegundaetapa.com\/fr\/albergue-peregrinos-segunda-etapa-zubiri-navarra","name":"Albergue peregrinos segunda etapa Zubiri Navarra","isPartOf":{"@id":"http:\/\/alberguesegundaetapa.com\/en\/#website"},"primaryImageOfPage":{"@id":"http:\/\/alberguesegundaetapa.com\/fr\/albergue-peregrinos-segunda-etapa-zubiri-navarra#primaryimage"},"image":{"@id":"http:\/\/alberguesegundaetapa.com\/fr\/albergue-peregrinos-segunda-etapa-zubiri-navarra#primaryimage"},"thumbnailUrl":"http:\/\/alberguesegundaetapa.com\/wp-content\/uploads\/2016\/08\/Albergue-camino-de-santiago-Zubiri-Navarra.jpg","datePublished":"2016-08-10T08:46:23+00:00","dateModified":"2017-04-06T10:47:29+00:00","description":"(Espa\u00f1ol) Albergue peregrinos segunda etapa Zubiri Navarra Avenida de Roncesvalles, 22 \u2013 31630 ZUBIRI (NAVARRA) Tel\u00e9fono (+34) 948304170 | M\u00f3vil: (+34) 697186560","breadcrumb":{"@id":"http:\/\/alberguesegundaetapa.com\/fr\/albergue-peregrinos-segunda-etapa-zubiri-navarra#breadcrumb"},"inLanguage":"fr-FR","potentialAction":[{"@type":"ReadAction","target":["http:\/\/alberguesegundaetapa.com\/fr\/albergue-peregrinos-segunda-etapa-zubiri-navarra"]}]},{"@type":"ImageObject","inLanguage":"fr-FR","@id":"http:\/\/alberguesegundaetapa.com\/fr\/albergue-peregrinos-segunda-etapa-zubiri-navarra#primaryimage","url":"http:\/\/alberguesegundaetapa.com\/wp-content\/uploads\/2016\/08\/Albergue-camino-de-santiago-Zubiri-Navarra.jpg","contentUrl":"http:\/\/alberguesegundaetapa.com\/wp-content\/uploads\/2016\/08\/Albergue-camino-de-santiago-Zubiri-Navarra.jpg"},{"@type":"BreadcrumbList","@id":"http:\/\/alberguesegundaetapa.com\/fr\/albergue-peregrinos-segunda-etapa-zubiri-navarra#breadcrumb","itemListElement":[{"@type":"ListItem","position":1,"name":"Portada","item":"http:\/\/alberguesegundaetapa.com\/en\/"},{"@type":"ListItem","position":2,"name":"SERVICES"}]},{"@type":"WebSite","@id":"http:\/\/alberguesegundaetapa.com\/en\/#website","url":"http:\/\/alberguesegundaetapa.com\/en\/","name":"Albergue Segunda Etapa ZUBIRI Camino de Santiago","description":"Albergue Segunda Etapa ZUBIRI Camino de Santiago","publisher":{"@id":"http:\/\/alberguesegundaetapa.com\/en\/#organization"},"potentialAction":[{"@type":"SearchAction","target":{"@type":"EntryPoint","urlTemplate":"http:\/\/alberguesegundaetapa.com\/en\/?s={search_term_string}"},"query-input":{"@type":"PropertyValueSpecification","valueRequired":true,"valueName":"search_term_string"}}],"inLanguage":"fr-FR"},{"@type":"Organization","@id":"http:\/\/alberguesegundaetapa.com\/en\/#organization","name":"Albergue Segunda etapa","url":"http:\/\/alberguesegundaetapa.com\/en\/","logo":{"@type":"ImageObject","inLanguage":"fr-FR","@id":"http:\/\/alberguesegundaetapa.com\/en\/#\/schema\/logo\/image\/","url":"http:\/\/alberguesegundaetapa.com\/wp-content\/uploads\/2016\/08\/Logo.jpg","contentUrl":"http:\/\/alberguesegundaetapa.com\/wp-content\/uploads\/2016\/08\/Logo.jpg","width":200,"height":100,"caption":"Albergue Segunda etapa"},"image":{"@id":"http:\/\/alberguesegundaetapa.com\/en\/#\/schema\/logo\/image\/"},"sameAs":["https:\/\/www.facebook.com\/alberguesegundaetapazubiri\/","https:\/\/x.com\/albergue2etapa"]}]}},"_links":{"self":[{"href":"http:\/\/alberguesegundaetapa.com\/fr\/wp-json\/wp\/v2\/pages\/23","targetHints":{"allow":["GET"]}}],"collection":[{"href":"http:\/\/alberguesegundaetapa.com\/fr\/wp-json\/wp\/v2\/pages"}],"about":[{"href":"http:\/\/alberguesegundaetapa.com\/fr\/wp-json\/wp\/v2\/types\/page"}],"author":[{"embeddable":true,"href":"http:\/\/alberguesegundaetapa.com\/fr\/wp-json\/wp\/v2\/users\/1"}],"replies":[{"embeddable":true,"href":"http:\/\/alberguesegundaetapa.com\/fr\/wp-json\/wp\/v2\/comments?post=23"}],"version-history":[{"count":47,"href":"http:\/\/alberguesegundaetapa.com\/fr\/wp-json\/wp\/v2\/pages\/23\/revisions"}],"predecessor-version":[{"id":578,"href":"http:\/\/alberguesegundaetapa.com\/fr\/wp-json\/wp\/v2\/pages\/23\/revisions\/578"}],"wp:attachment":[{"href":"http:\/\/alberguesegundaetapa.com\/fr\/wp-json\/wp\/v2\/media?parent=23"}],"curies":[{"name":"wp","href":"https:\/\/api.w.org\/{rel}","templated":true}]}}