{"id":2,"date":"2016-08-10T07:25:02","date_gmt":"2016-08-10T06:25:02","guid":{"rendered":"http:\/\/alberguesegundaetapa.apps-1and1.net\/?page_id=2"},"modified":"2017-04-06T11:48:04","modified_gmt":"2017-04-06T10:48:04","slug":"albergue-segunda-etapa-camino-de-santiago-zubiri-navarra","status":"publish","type":"page","link":"http:\/\/alberguesegundaetapa.com\/fr\/","title":{"rendered":"ALBERGUE SEGUNDA ETAPA"},"content":{"rendered":"<p><\/p>\n<div hidden=\"\">\n<h2><span style=\"font-size: 10px; color: #ffffff;\">Albergue Segunda Etapa, Camino de Santiago, ZUBIRI, Navarra<\/span><\/h2>\n<\/div>\n<p><img loading=\"lazy\" decoding=\"async\" class=\"alignnone wp-image-364 size-full aligncenter\" title=\"Albergue Segunda Etapa, Camino de Santiago, ZUBIRI, Navarra\" src=\"http:\/\/alberguesegundaetapa.com\/wp-content\/uploads\/2016\/08\/Albergue-camino-de-santiago-Zubiri-Navarra.jpg\" alt=\"Albergue Segunda Etapa, Camino de Santiago, ZUBIRI, Navarra\" width=\"450\" height=\"46\" srcset=\"http:\/\/alberguesegundaetapa.com\/wp-content\/uploads\/2016\/08\/Albergue-camino-de-santiago-Zubiri-Navarra.jpg 450w, http:\/\/alberguesegundaetapa.com\/wp-content\/uploads\/2016\/08\/Albergue-camino-de-santiago-Zubiri-Navarra-300x31.jpg 300w, http:\/\/alberguesegundaetapa.com\/wp-content\/uploads\/2016\/08\/Albergue-camino-de-santiago-Zubiri-Navarra-240x25.jpg 240w, http:\/\/alberguesegundaetapa.com\/wp-content\/uploads\/2016\/08\/Albergue-camino-de-santiago-Zubiri-Navarra-430x44.jpg 430w\" sizes=\"auto, (max-width: 450px) 100vw, 450px\" \/><\/p>\n<blockquote><p>Avanza y sube un repecho, contin\u00faa a la derecha, atraviesa un prado y desciende por una pista que lleva hasta Aurizberri\/Espinal, donde podremos disfrutar y apreciar la bella arquitectura pirenaica t\u00edpica de la zona. Sigue la calle principal y a 200 m. a la izquierda toma la pista que asciende hacia el monte. Sigue de frente por la pista y en poco rato, toma un sendero a la derecha. En esta zona nos adentramos en un paraje boscoso que llega a una explanada despu\u00e9s de pasar la cerca y contin\u00faa hacia la derecha bordeando el bosque de hayas y de campos de patatas. A 300 m. sale al Alto de Mezkiritz (922 m.), lo cruza y contin\u00faa por el sendero de enfrente; atravesamos un burladero colocado para evitar el paso del ganado y descendemos entre hayas durante 500 m. <\/p>\n<h4 style=\"text-align: center;\"><strong>Albergue Segunda Etapa es un moderno y acogedor Albergue.&nbsp; <span lang=\"es\">Donde todo el mundo que busca la comodidad y un lugar para relajarse es bienvenido<\/span>.<\/strong><\/h4>\n<\/blockquote>\n<p style=\"text-align: center;\">Situada a mitad de camino entre Orreaga\/Roncesvalles y Pamplona, encontramos esta localidad, parada obligatoria en el <strong>Camino de Santiago <\/strong>Franc\u00e9s.<\/p>\n<p style=\"text-align: center;\">Rodeada de un bello paisaje, Zubiri es la capital del valle de Esteribar. Aunque el pueblo se ha transformado recientemente, conserva alguna casa caracter\u00edstica del siglo XVIII.<\/p>\n<div style=\"text-align: center;\" hidden=\"\">\n<p>El <strong> Albergue Segunda Etapa, Camino de Santiago, ZUBIRI, Navarra <\/strong>que da nombre al municipio salva el curso del r\u00edo Arga. Tambi\u00e9n conocido como puente de la Rabia ha sido testigo hasta hace unos a\u00f1os de <strong>una singular tradici\u00f3n<\/strong>: se obligaba a los animales a pasar alrededor de su pilar central para evitar la rabia, pues seg\u00fan cuenta la leyenda ostenta ese poder sobrenatural.<\/p>\n<div><strong>Albergue Segunda Etapa<\/strong><br \/>\nAvenida de Roncesvalles, 22 \u2013 31630 <strong>ZUBIRI<\/strong> (NAVARRA)<br \/>\nTel\u00e9fono (+34) 948304170 | M\u00f3vil: (+34) 697186560<br \/>\n<em><a href=\"mailto:info@alberguesegundaetapa.com\">info@alberguesegundaetapa.com<\/a><\/em><\/div>\n<p style=\"text-align: center;\"><em><strong>Registro Turismo Gobierno de Navarra: UAB0116<\/strong><\/em><\/p>\n<\/div>\n<p style=\"text-align: center;\">Albergue Segunda Etapa est une auberge moderne et confortable ouvert en Ao\u00fbt 2016 \u00e0 Zubiri, o\u00f9 tout le monde en qu\u00eate de confort et un endroit pour se d\u00e9tendre, est bienvenu.<\/p>\n<p><\/p>","protected":false},"excerpt":{"rendered":"<p>Albergue Segunda Etapa, Camino de Santiago, ZUBIRI, Navarra Avanza y sube un repecho, contin\u00faa a la derecha, atraviesa un prado&nbsp;[&hellip;]<\/p>\n","protected":false},"author":1,"featured_media":0,"parent":0,"menu_order":0,"comment_status":"closed","ping_status":"closed","template":"page-templates\/template_fullwidth.php","meta":{"_monsterinsights_skip_tracking":false,"_monsterinsights_sitenote_active":false,"_monsterinsights_sitenote_note":"","_monsterinsights_sitenote_category":0,"ngg_post_thumbnail":0,"footnotes":""},"class_list":["post-2","page","type-page","status-publish","hentry","post-item clearfix"],"yoast_head":"<!-- This site is optimized with the Yoast SEO plugin v27.4 - https:\/\/yoast.com\/product\/yoast-seo-wordpress\/ -->\n<title>Albergue Segunda Etapa, Camino de Santiago, ZUBIRI, Navarra<\/title>\n<meta name=\"description\" content=\"Albergue Segunda Etapa, Camino de Santiago, ZUBIRI, Navarra, Situada a mitad de camino entre Roncesvalles y Pamplona en la avenida de Roncesvalles 22 Zubiri\" \/>\n<meta name=\"robots\" content=\"noindex, follow, max-snippet:-1, max-image-preview:large, max-video-preview:-1\" \/>\n<meta property=\"og:locale\" content=\"fr_FR\" \/>\n<meta property=\"og:type\" content=\"article\" \/>\n<meta property=\"og:title\" content=\"Albergue Segunda Etapa, Camino de Santiago, ZUBIRI, Navarra\" \/>\n<meta property=\"og:description\" content=\"Albergue Segunda Etapa, Camino de Santiago, ZUBIRI, Navarra, Situada a mitad de camino entre Roncesvalles y Pamplona en la avenida de Roncesvalles 22 Zubiri\" \/>\n<meta property=\"og:url\" content=\"http:\/\/alberguesegundaetapa.com\/en\/\" \/>\n<meta property=\"og:site_name\" content=\"Albergue Segunda Etapa ZUBIRI Camino de Santiago\" \/>\n<meta property=\"article:publisher\" content=\"https:\/\/www.facebook.com\/alberguesegundaetapazubiri\/\" \/>\n<meta property=\"article:modified_time\" content=\"2017-04-06T10:48:04+00:00\" \/>\n<meta property=\"og:image\" content=\"http:\/\/alberguesegundaetapa.com\/wp-content\/uploads\/2016\/08\/Albergue-camino-de-santiago-Zubiri-Navarra.jpg\" \/>\n\t<meta property=\"og:image:width\" content=\"450\" \/>\n\t<meta property=\"og:image:height\" content=\"46\" \/>\n\t<meta property=\"og:image:type\" content=\"image\/jpeg\" \/>\n<meta name=\"twitter:card\" content=\"summary_large_image\" \/>\n<meta name=\"twitter:site\" content=\"@albergue2etapa\" \/>\n<meta name=\"twitter:label1\" content=\"Dur\u00e9e de lecture estim\u00e9e\" \/>\n\t<meta name=\"twitter:data1\" content=\"5 minutes\" \/>\n<script type=\"application\/ld+json\" class=\"yoast-schema-graph\">{\"@context\":\"https:\\\/\\\/schema.org\",\"@graph\":[{\"@type\":\"WebPage\",\"@id\":\"http:\\\/\\\/alberguesegundaetapa.com\\\/en\\\/\",\"url\":\"http:\\\/\\\/alberguesegundaetapa.com\\\/en\\\/\",\"name\":\"Albergue Segunda Etapa, Camino de Santiago, ZUBIRI, Navarra\",\"isPartOf\":{\"@id\":\"http:\\\/\\\/alberguesegundaetapa.com\\\/en\\\/#website\"},\"primaryImageOfPage\":{\"@id\":\"http:\\\/\\\/alberguesegundaetapa.com\\\/en\\\/#primaryimage\"},\"image\":{\"@id\":\"http:\\\/\\\/alberguesegundaetapa.com\\\/en\\\/#primaryimage\"},\"thumbnailUrl\":\"http:\\\/\\\/alberguesegundaetapa.com\\\/wp-content\\\/uploads\\\/2016\\\/08\\\/Albergue-camino-de-santiago-Zubiri-Navarra.jpg\",\"datePublished\":\"2016-08-10T06:25:02+00:00\",\"dateModified\":\"2017-04-06T10:48:04+00:00\",\"description\":\"Albergue Segunda Etapa, Camino de Santiago, ZUBIRI, Navarra, Situada a mitad de camino entre Roncesvalles y Pamplona en la avenida de Roncesvalles 22 Zubiri\",\"breadcrumb\":{\"@id\":\"http:\\\/\\\/alberguesegundaetapa.com\\\/en\\\/#breadcrumb\"},\"inLanguage\":\"fr-FR\",\"potentialAction\":[{\"@type\":\"ReadAction\",\"target\":[\"http:\\\/\\\/alberguesegundaetapa.com\\\/en\\\/\"]}]},{\"@type\":\"ImageObject\",\"inLanguage\":\"fr-FR\",\"@id\":\"http:\\\/\\\/alberguesegundaetapa.com\\\/en\\\/#primaryimage\",\"url\":\"http:\\\/\\\/alberguesegundaetapa.com\\\/wp-content\\\/uploads\\\/2016\\\/08\\\/Albergue-camino-de-santiago-Zubiri-Navarra.jpg\",\"contentUrl\":\"http:\\\/\\\/alberguesegundaetapa.com\\\/wp-content\\\/uploads\\\/2016\\\/08\\\/Albergue-camino-de-santiago-Zubiri-Navarra.jpg\"},{\"@type\":\"BreadcrumbList\",\"@id\":\"http:\\\/\\\/alberguesegundaetapa.com\\\/en\\\/#breadcrumb\",\"itemListElement\":[{\"@type\":\"ListItem\",\"position\":1,\"name\":\"Portada\",\"item\":\"http:\\\/\\\/alberguesegundaetapa.com\\\/en\\\/\"},{\"@type\":\"ListItem\",\"position\":2,\"name\":\"ALBERGUE SEGUNDA ETAPA\"}]},{\"@type\":\"WebSite\",\"@id\":\"http:\\\/\\\/alberguesegundaetapa.com\\\/en\\\/#website\",\"url\":\"http:\\\/\\\/alberguesegundaetapa.com\\\/en\\\/\",\"name\":\"Albergue Segunda Etapa ZUBIRI Camino de Santiago\",\"description\":\"Albergue Segunda Etapa ZUBIRI Camino de Santiago\",\"publisher\":{\"@id\":\"http:\\\/\\\/alberguesegundaetapa.com\\\/en\\\/#organization\"},\"potentialAction\":[{\"@type\":\"SearchAction\",\"target\":{\"@type\":\"EntryPoint\",\"urlTemplate\":\"http:\\\/\\\/alberguesegundaetapa.com\\\/en\\\/?s={search_term_string}\"},\"query-input\":{\"@type\":\"PropertyValueSpecification\",\"valueRequired\":true,\"valueName\":\"search_term_string\"}}],\"inLanguage\":\"fr-FR\"},{\"@type\":\"Organization\",\"@id\":\"http:\\\/\\\/alberguesegundaetapa.com\\\/en\\\/#organization\",\"name\":\"Albergue Segunda etapa\",\"url\":\"http:\\\/\\\/alberguesegundaetapa.com\\\/en\\\/\",\"logo\":{\"@type\":\"ImageObject\",\"inLanguage\":\"fr-FR\",\"@id\":\"http:\\\/\\\/alberguesegundaetapa.com\\\/en\\\/#\\\/schema\\\/logo\\\/image\\\/\",\"url\":\"http:\\\/\\\/alberguesegundaetapa.com\\\/wp-content\\\/uploads\\\/2016\\\/08\\\/Logo.jpg\",\"contentUrl\":\"http:\\\/\\\/alberguesegundaetapa.com\\\/wp-content\\\/uploads\\\/2016\\\/08\\\/Logo.jpg\",\"width\":200,\"height\":100,\"caption\":\"Albergue Segunda etapa\"},\"image\":{\"@id\":\"http:\\\/\\\/alberguesegundaetapa.com\\\/en\\\/#\\\/schema\\\/logo\\\/image\\\/\"},\"sameAs\":[\"https:\\\/\\\/www.facebook.com\\\/alberguesegundaetapazubiri\\\/\",\"https:\\\/\\\/x.com\\\/albergue2etapa\"]}]}<\/script>\n<!-- \/ Yoast SEO plugin. -->","yoast_head_json":{"title":"Albergue Segunda Etapa, Camino de Santiago, ZUBIRI, Navarra","description":"Albergue Segunda Etapa, Camino de Santiago, ZUBIRI, Navarra, Situada a mitad de camino entre Roncesvalles y Pamplona en la avenida de Roncesvalles 22 Zubiri","robots":{"index":"noindex","follow":"follow","max-snippet":"max-snippet:-1","max-image-preview":"max-image-preview:large","max-video-preview":"max-video-preview:-1"},"og_locale":"fr_FR","og_type":"article","og_title":"Albergue Segunda Etapa, Camino de Santiago, ZUBIRI, Navarra","og_description":"Albergue Segunda Etapa, Camino de Santiago, ZUBIRI, Navarra, Situada a mitad de camino entre Roncesvalles y Pamplona en la avenida de Roncesvalles 22 Zubiri","og_url":"http:\/\/alberguesegundaetapa.com\/en\/","og_site_name":"Albergue Segunda Etapa ZUBIRI Camino de Santiago","article_publisher":"https:\/\/www.facebook.com\/alberguesegundaetapazubiri\/","article_modified_time":"2017-04-06T10:48:04+00:00","og_image":[{"width":450,"height":46,"url":"http:\/\/alberguesegundaetapa.com\/wp-content\/uploads\/2016\/08\/Albergue-camino-de-santiago-Zubiri-Navarra.jpg","type":"image\/jpeg"}],"twitter_card":"summary_large_image","twitter_site":"@albergue2etapa","twitter_misc":{"Dur\u00e9e de lecture estim\u00e9e":"5 minutes"},"schema":{"@context":"https:\/\/schema.org","@graph":[{"@type":"WebPage","@id":"http:\/\/alberguesegundaetapa.com\/en\/","url":"http:\/\/alberguesegundaetapa.com\/en\/","name":"Albergue Segunda Etapa, Camino de Santiago, ZUBIRI, Navarra","isPartOf":{"@id":"http:\/\/alberguesegundaetapa.com\/en\/#website"},"primaryImageOfPage":{"@id":"http:\/\/alberguesegundaetapa.com\/en\/#primaryimage"},"image":{"@id":"http:\/\/alberguesegundaetapa.com\/en\/#primaryimage"},"thumbnailUrl":"http:\/\/alberguesegundaetapa.com\/wp-content\/uploads\/2016\/08\/Albergue-camino-de-santiago-Zubiri-Navarra.jpg","datePublished":"2016-08-10T06:25:02+00:00","dateModified":"2017-04-06T10:48:04+00:00","description":"Albergue Segunda Etapa, Camino de Santiago, ZUBIRI, Navarra, Situada a mitad de camino entre Roncesvalles y Pamplona en la avenida de Roncesvalles 22 Zubiri","breadcrumb":{"@id":"http:\/\/alberguesegundaetapa.com\/en\/#breadcrumb"},"inLanguage":"fr-FR","potentialAction":[{"@type":"ReadAction","target":["http:\/\/alberguesegundaetapa.com\/en\/"]}]},{"@type":"ImageObject","inLanguage":"fr-FR","@id":"http:\/\/alberguesegundaetapa.com\/en\/#primaryimage","url":"http:\/\/alberguesegundaetapa.com\/wp-content\/uploads\/2016\/08\/Albergue-camino-de-santiago-Zubiri-Navarra.jpg","contentUrl":"http:\/\/alberguesegundaetapa.com\/wp-content\/uploads\/2016\/08\/Albergue-camino-de-santiago-Zubiri-Navarra.jpg"},{"@type":"BreadcrumbList","@id":"http:\/\/alberguesegundaetapa.com\/en\/#breadcrumb","itemListElement":[{"@type":"ListItem","position":1,"name":"Portada","item":"http:\/\/alberguesegundaetapa.com\/en\/"},{"@type":"ListItem","position":2,"name":"ALBERGUE SEGUNDA ETAPA"}]},{"@type":"WebSite","@id":"http:\/\/alberguesegundaetapa.com\/en\/#website","url":"http:\/\/alberguesegundaetapa.com\/en\/","name":"Albergue Segunda Etapa ZUBIRI Camino de Santiago","description":"Albergue Segunda Etapa ZUBIRI Camino de Santiago","publisher":{"@id":"http:\/\/alberguesegundaetapa.com\/en\/#organization"},"potentialAction":[{"@type":"SearchAction","target":{"@type":"EntryPoint","urlTemplate":"http:\/\/alberguesegundaetapa.com\/en\/?s={search_term_string}"},"query-input":{"@type":"PropertyValueSpecification","valueRequired":true,"valueName":"search_term_string"}}],"inLanguage":"fr-FR"},{"@type":"Organization","@id":"http:\/\/alberguesegundaetapa.com\/en\/#organization","name":"Albergue Segunda etapa","url":"http:\/\/alberguesegundaetapa.com\/en\/","logo":{"@type":"ImageObject","inLanguage":"fr-FR","@id":"http:\/\/alberguesegundaetapa.com\/en\/#\/schema\/logo\/image\/","url":"http:\/\/alberguesegundaetapa.com\/wp-content\/uploads\/2016\/08\/Logo.jpg","contentUrl":"http:\/\/alberguesegundaetapa.com\/wp-content\/uploads\/2016\/08\/Logo.jpg","width":200,"height":100,"caption":"Albergue Segunda etapa"},"image":{"@id":"http:\/\/alberguesegundaetapa.com\/en\/#\/schema\/logo\/image\/"},"sameAs":["https:\/\/www.facebook.com\/alberguesegundaetapazubiri\/","https:\/\/x.com\/albergue2etapa"]}]}},"_links":{"self":[{"href":"http:\/\/alberguesegundaetapa.com\/fr\/wp-json\/wp\/v2\/pages\/2","targetHints":{"allow":["GET"]}}],"collection":[{"href":"http:\/\/alberguesegundaetapa.com\/fr\/wp-json\/wp\/v2\/pages"}],"about":[{"href":"http:\/\/alberguesegundaetapa.com\/fr\/wp-json\/wp\/v2\/types\/page"}],"author":[{"embeddable":true,"href":"http:\/\/alberguesegundaetapa.com\/fr\/wp-json\/wp\/v2\/users\/1"}],"replies":[{"embeddable":true,"href":"http:\/\/alberguesegundaetapa.com\/fr\/wp-json\/wp\/v2\/comments?post=2"}],"version-history":[{"count":101,"href":"http:\/\/alberguesegundaetapa.com\/fr\/wp-json\/wp\/v2\/pages\/2\/revisions"}],"predecessor-version":[{"id":574,"href":"http:\/\/alberguesegundaetapa.com\/fr\/wp-json\/wp\/v2\/pages\/2\/revisions\/574"}],"wp:attachment":[{"href":"http:\/\/alberguesegundaetapa.com\/fr\/wp-json\/wp\/v2\/media?parent=2"}],"curies":[{"name":"wp","href":"https:\/\/api.w.org\/{rel}","templated":true}]}}