{"id":17,"date":"2016-08-10T08:43:21","date_gmt":"2016-08-10T08:43:21","guid":{"rendered":"http:\/\/alberguesegundaetapa.apps-1and1.net\/?page_id=17"},"modified":"2017-04-06T12:00:10","modified_gmt":"2017-04-06T11:00:10","slug":"habitaciones-albergue-camino-de-santiago-zubiri-navarra","status":"publish","type":"page","link":"http:\/\/alberguesegundaetapa.com\/fr\/habitaciones-albergue-camino-de-santiago-zubiri-navarra","title":{"rendered":"CHAMBRES-TARIFS"},"content":{"rendered":"<p><\/p>\n<div hidden=\"\">\n<h2>Albergue Camino de Santiago Zubiri Navarra<\/h2>\n<\/div>\n<p><img loading=\"lazy\" decoding=\"async\" class=\"alignnone wp-image-364 size-full aligncenter\" title=\"Albergue Camino de Santiago ZUBIRI Navarra\" src=\"http:\/\/alberguesegundaetapa.com\/wp-content\/uploads\/2016\/08\/Albergue-camino-de-santiago-Zubiri-Navarra.jpg\" alt=\"Albergue Camino de Santiago Zubiri Navarra\" width=\"450\" height=\"46\" srcset=\"http:\/\/alberguesegundaetapa.com\/wp-content\/uploads\/2016\/08\/Albergue-camino-de-santiago-Zubiri-Navarra.jpg 450w, http:\/\/alberguesegundaetapa.com\/wp-content\/uploads\/2016\/08\/Albergue-camino-de-santiago-Zubiri-Navarra-300x31.jpg 300w, http:\/\/alberguesegundaetapa.com\/wp-content\/uploads\/2016\/08\/Albergue-camino-de-santiago-Zubiri-Navarra-240x25.jpg 240w, http:\/\/alberguesegundaetapa.com\/wp-content\/uploads\/2016\/08\/Albergue-camino-de-santiago-Zubiri-Navarra-430x44.jpg 430w\" sizes=\"auto, (max-width: 450px) 100vw, 450px\" \/><\/p>\n<div style=\"text-align: center;\" hidden=\"\"> Sin embargo el Albergue Segunda Etapa es un moderno y acogedor Albergue donde todo el mundo que busca la comodidad y un lugar para relajarse es bienvenido sin embargo.<br \/>\nEl Albergue Segunda Etapa, Camino de Santiago ZUBIRI entonces Navarra que da nombre al municipio mientras el curso del r\u00edo Arga tambi\u00e9n conocido como puente de la Rabia adem\u00e1s ha sido testigo hasta hace unos a\u00f1os de una singular tradici\u00f3n la cual obligaba entonces los animales a pasar alrededor de su pilar central y para evitar la rabia. sin embargo seg\u00fan cuenta la leyenda ostenta ese poder sobrenatural y desde Las fiestas patronales de la localidad se celebran la primera semana de agosto. Entonces Avenida de Roncesvalles adem\u00e1s de ZUBIRI. Tambi\u00e9n en NAVARRA desde Albergue Camino de Santiago ZUBIRI Navarra.<\/p>\n<p>Probablemente entonces tomemos sendero mientras vamos faldeando el monte desde el que divisaremos sin embargo carretera en la parte de abajo.<\/p>\n<\/div>\n<table class=\"habitaciones numero-02\">\n<tbody>\n<tr>\n<td width=\"55%\"><strong>Chambres 4 personnes<\/strong><\/p>\n<p align=\"left\">Chambres partag\u00e9es de 4&nbsp;lit savec casiers individuels. Spacieuses et lumineuses, pens\u00e9es pour offrir le meilleur repos.<\/p>\n<div class=\"tw-swapa\">&nbsp;<\/div>\n<div class=\"_Ejb\">\n<div id=\"tw-target\">\n<div id=\"tw-target-text-container\" class=\"tw-ta-container tw-nfl\">\n<p id=\"tw-target-text\" class=\"tw-data-text tw-ta tw-text-medium\" dir=\"ltr\" data-placeholder=\"Traducci\u00f3n\"><span lang=\"fr\">Lit et petit d\u00e9jeun\u00e9 <\/span>&nbsp; <strong>15 \u20ac<\/strong><\/p>\n<p class=\"tw-data-text tw-ta tw-text-medium\" dir=\"ltr\" data-placeholder=\"Traducci\u00f3n\">&nbsp;<\/p>\n<\/div>\n<\/div>\n<\/div>\n<\/td>\n<td width=\"45%\"><img loading=\"lazy\" decoding=\"async\" class=\"wp-image-86 aligncenter\" src=\"http:\/\/alberguesegundaetapa.com\/wp-content\/uploads\/2016\/08\/Room4_b-300x225.jpg\" alt=\"Dormitorio 4 personas\" width=\"300\" height=\"225\" srcset=\"http:\/\/alberguesegundaetapa.com\/wp-content\/uploads\/2016\/08\/Room4_b-300x225.jpg 300w, http:\/\/alberguesegundaetapa.com\/wp-content\/uploads\/2016\/08\/Room4_b-768x576.jpg 768w, http:\/\/alberguesegundaetapa.com\/wp-content\/uploads\/2016\/08\/Room4_b.jpg 1024w, http:\/\/alberguesegundaetapa.com\/wp-content\/uploads\/2016\/08\/Room4_b-240x180.jpg 240w, http:\/\/alberguesegundaetapa.com\/wp-content\/uploads\/2016\/08\/Room4_b-430x323.jpg 430w\" sizes=\"auto, (max-width: 300px) 100vw, 300px\" \/><\/td>\n<\/tr>\n<\/tbody>\n<\/table>\n<table>\n<tbody>\n<tr>\n<td width=\"45%\"><img loading=\"lazy\" decoding=\"async\" class=\"wp-image-87 aligncenter\" src=\"http:\/\/alberguesegundaetapa.com\/wp-content\/uploads\/2016\/08\/Room8_c-300x225.jpg\" alt=\"Dormitorio 8 Personas\" width=\"300\" height=\"225\" srcset=\"http:\/\/alberguesegundaetapa.com\/wp-content\/uploads\/2016\/08\/Room8_c-300x225.jpg 300w, http:\/\/alberguesegundaetapa.com\/wp-content\/uploads\/2016\/08\/Room8_c-768x576.jpg 768w, http:\/\/alberguesegundaetapa.com\/wp-content\/uploads\/2016\/08\/Room8_c.jpg 1024w, http:\/\/alberguesegundaetapa.com\/wp-content\/uploads\/2016\/08\/Room8_c-240x180.jpg 240w, http:\/\/alberguesegundaetapa.com\/wp-content\/uploads\/2016\/08\/Room8_c-430x323.jpg 430w\" sizes=\"auto, (max-width: 300px) 100vw, 300px\" \/><\/td>\n<td width=\"55%\"><strong>Chambres 8&nbsp;personnes<\/strong><\/p>\n<p align=\"left\">Chambres partag\u00e9es de 8 lit savec casiers individuels. Spacieuses et lumineuses, pens\u00e9es pour offrir le meilleur repos.<\/p>\n<div class=\"tw-swapa\">&nbsp;<\/div>\n<div class=\"_Ejb\">\n<div id=\"tw-target\">\n<div id=\"tw-target-text-container\" class=\"tw-ta-container tw-nfl\">\n<p id=\"tw-target-text\" class=\"tw-data-text tw-ta tw-text-medium\" dir=\"ltr\" data-placeholder=\"Traducci\u00f3n\"><span lang=\"fr\">Lit et petit d\u00e9jeun\u00e9 <\/span>&nbsp; <strong>15 \u20ac<\/strong><\/p>\n<\/div>\n<\/div>\n<\/div>\n<p>&nbsp;<\/td>\n<\/tr>\n<\/tbody>\n<\/table>\n<table class=\"habitaciones numero-02\">\n<tbody>\n<tr>\n<td width=\"55%\"><strong>Salle \u00e0 manger &#8211; Salon&nbsp;<\/strong><\/p>\n<p align=\"left\">Il peut accueillir jusqu&rsquo;\u00e0 12 personnes \u00e9quip\u00e9es avec des ustensiles, lave-vaisselle, micro-ondes, un \u00e9vier et un r\u00e9frig\u00e9rateur avec des boissons fra\u00eeches (eau, Coca-Cola, bi\u00e8re &#8230;) avec acc\u00e8s direct \u00e0 la zone de loisirs vert.<\/p>\n<p>&nbsp;<\/td>\n<td width=\"45%\"><img loading=\"lazy\" decoding=\"async\" class=\"wp-image-97 aligncenter\" src=\"http:\/\/alberguesegundaetapa.com\/wp-content\/uploads\/2016\/08\/Comedor1-300x225.jpg\" alt=\"Comedor\" width=\"300\" height=\"225\" srcset=\"http:\/\/alberguesegundaetapa.com\/wp-content\/uploads\/2016\/08\/Comedor1-300x225.jpg 300w, http:\/\/alberguesegundaetapa.com\/wp-content\/uploads\/2016\/08\/Comedor1-768x576.jpg 768w, http:\/\/alberguesegundaetapa.com\/wp-content\/uploads\/2016\/08\/Comedor1.jpg 1024w, http:\/\/alberguesegundaetapa.com\/wp-content\/uploads\/2016\/08\/Comedor1-240x180.jpg 240w, http:\/\/alberguesegundaetapa.com\/wp-content\/uploads\/2016\/08\/Comedor1-430x323.jpg 430w\" sizes=\"auto, (max-width: 300px) 100vw, 300px\" \/><\/td>\n<\/tr>\n<\/tbody>\n<\/table>\n<p style=\"text-align: center;\">* Tarifs indicatifs par chambre et par nuit (TVA incluse)<\/p>\n<p style=\"text-align: center;\"><strong>Comment r\u00e9server?<\/strong><\/p>\n<p style=\"text-align: center;\"><span style=\"line-height: 1.5;\">Par t\u00e9l\u00e9phone, e-mail ou via notre formulaire de r\u00e9servation <\/span><strong style=\"line-height: 1.5;\"><a href=\"http:\/\/alberguesegundaetapa.com\/reservas\">formulaire de r\u00e9servation<\/a><\/strong><\/p>\n<p style=\"text-align: center;\"><strong>Proc\u00e9dure d&rsquo;annulation<\/strong><\/p>\n<p style=\"text-align: center;\">Cette propri\u00e9t\u00e9 a une politique d&rsquo;annulation de 1 jour. Si non annul\u00e9e dans ce d\u00e9lai, la propri\u00e9t\u00e9 facturera 100% de la premi\u00e8re nuit de votre s\u00e9jour.<\/p>\n<p><\/p>","protected":false},"excerpt":{"rendered":"<p>Albergue Camino de Santiago Zubiri Navarra Sin embargo el Albergue Segunda Etapa es un moderno y acogedor Albergue donde todo&nbsp;[&hellip;]<\/p>\n","protected":false},"author":1,"featured_media":0,"parent":0,"menu_order":0,"comment_status":"closed","ping_status":"closed","template":"page-templates\/template_fullwidth.php","meta":{"_monsterinsights_skip_tracking":false,"_monsterinsights_sitenote_active":false,"_monsterinsights_sitenote_note":"","_monsterinsights_sitenote_category":0,"ngg_post_thumbnail":0,"footnotes":""},"class_list":["post-17","page","type-page","status-publish","hentry","post-item clearfix"],"yoast_head":"<!-- This site is optimized with the Yoast SEO plugin v27.4 - https:\/\/yoast.com\/product\/yoast-seo-wordpress\/ -->\n<title>Habitaciones Albergue Camino de Santiago ZUBIRI Navarra<\/title>\n<meta name=\"description\" content=\"Albergue Camino de Santiago Zubiri Navarra Avenida de Roncesvalles, 22 \u2013 31630 ZUBIRI (NAVARRA) Tel\u00e9fono (+34) 948304170 M\u00f3vil: (+34) 697186560\" \/>\n<meta name=\"robots\" content=\"noindex, follow, max-snippet:-1, max-image-preview:large, max-video-preview:-1\" \/>\n<meta property=\"og:locale\" content=\"fr_FR\" \/>\n<meta property=\"og:type\" content=\"article\" \/>\n<meta property=\"og:title\" content=\"Habitaciones Albergue Camino de Santiago ZUBIRI Navarra\" \/>\n<meta property=\"og:description\" content=\"Albergue Camino de Santiago Zubiri Navarra Avenida de Roncesvalles, 22 \u2013 31630 ZUBIRI (NAVARRA) Tel\u00e9fono (+34) 948304170 M\u00f3vil: (+34) 697186560\" \/>\n<meta property=\"og:url\" content=\"http:\/\/alberguesegundaetapa.com\/en\/habitaciones-albergue-camino-de-santiago-zubiri-navarra\" \/>\n<meta property=\"og:site_name\" content=\"Albergue Segunda Etapa ZUBIRI Camino de Santiago\" \/>\n<meta property=\"article:publisher\" content=\"https:\/\/www.facebook.com\/alberguesegundaetapazubiri\/\" \/>\n<meta property=\"article:modified_time\" content=\"2017-04-06T11:00:10+00:00\" \/>\n<meta property=\"og:image\" content=\"http:\/\/alberguesegundaetapa.com\/wp-content\/uploads\/2016\/08\/Albergue-camino-de-santiago-Zubiri-Navarra.jpg\" \/>\n\t<meta property=\"og:image:width\" content=\"450\" \/>\n\t<meta property=\"og:image:height\" content=\"46\" \/>\n\t<meta property=\"og:image:type\" content=\"image\/jpeg\" \/>\n<meta name=\"twitter:card\" content=\"summary_large_image\" \/>\n<meta name=\"twitter:site\" content=\"@albergue2etapa\" \/>\n<meta name=\"twitter:label1\" content=\"Dur\u00e9e de lecture estim\u00e9e\" \/>\n\t<meta name=\"twitter:data1\" content=\"5 minutes\" \/>\n<script type=\"application\/ld+json\" class=\"yoast-schema-graph\">{\"@context\":\"https:\\\/\\\/schema.org\",\"@graph\":[{\"@type\":\"WebPage\",\"@id\":\"http:\\\/\\\/alberguesegundaetapa.com\\\/en\\\/habitaciones-albergue-camino-de-santiago-zubiri-navarra\",\"url\":\"http:\\\/\\\/alberguesegundaetapa.com\\\/en\\\/habitaciones-albergue-camino-de-santiago-zubiri-navarra\",\"name\":\"Habitaciones Albergue Camino de Santiago ZUBIRI Navarra\",\"isPartOf\":{\"@id\":\"http:\\\/\\\/alberguesegundaetapa.com\\\/en\\\/#website\"},\"primaryImageOfPage\":{\"@id\":\"http:\\\/\\\/alberguesegundaetapa.com\\\/en\\\/habitaciones-albergue-camino-de-santiago-zubiri-navarra#primaryimage\"},\"image\":{\"@id\":\"http:\\\/\\\/alberguesegundaetapa.com\\\/en\\\/habitaciones-albergue-camino-de-santiago-zubiri-navarra#primaryimage\"},\"thumbnailUrl\":\"http:\\\/\\\/alberguesegundaetapa.com\\\/wp-content\\\/uploads\\\/2016\\\/08\\\/Albergue-camino-de-santiago-Zubiri-Navarra.jpg\",\"datePublished\":\"2016-08-10T08:43:21+00:00\",\"dateModified\":\"2017-04-06T11:00:10+00:00\",\"description\":\"Albergue Camino de Santiago Zubiri Navarra Avenida de Roncesvalles, 22 \u2013 31630 ZUBIRI (NAVARRA) Tel\u00e9fono (+34) 948304170 M\u00f3vil: (+34) 697186560\",\"breadcrumb\":{\"@id\":\"http:\\\/\\\/alberguesegundaetapa.com\\\/en\\\/habitaciones-albergue-camino-de-santiago-zubiri-navarra#breadcrumb\"},\"inLanguage\":\"fr-FR\",\"potentialAction\":[{\"@type\":\"ReadAction\",\"target\":[\"http:\\\/\\\/alberguesegundaetapa.com\\\/en\\\/habitaciones-albergue-camino-de-santiago-zubiri-navarra\"]}]},{\"@type\":\"ImageObject\",\"inLanguage\":\"fr-FR\",\"@id\":\"http:\\\/\\\/alberguesegundaetapa.com\\\/en\\\/habitaciones-albergue-camino-de-santiago-zubiri-navarra#primaryimage\",\"url\":\"http:\\\/\\\/alberguesegundaetapa.com\\\/wp-content\\\/uploads\\\/2016\\\/08\\\/Albergue-camino-de-santiago-Zubiri-Navarra.jpg\",\"contentUrl\":\"http:\\\/\\\/alberguesegundaetapa.com\\\/wp-content\\\/uploads\\\/2016\\\/08\\\/Albergue-camino-de-santiago-Zubiri-Navarra.jpg\"},{\"@type\":\"BreadcrumbList\",\"@id\":\"http:\\\/\\\/alberguesegundaetapa.com\\\/en\\\/habitaciones-albergue-camino-de-santiago-zubiri-navarra#breadcrumb\",\"itemListElement\":[{\"@type\":\"ListItem\",\"position\":1,\"name\":\"Portada\",\"item\":\"http:\\\/\\\/alberguesegundaetapa.com\\\/en\\\/\"},{\"@type\":\"ListItem\",\"position\":2,\"name\":\"ROOMS-RATES\"}]},{\"@type\":\"WebSite\",\"@id\":\"http:\\\/\\\/alberguesegundaetapa.com\\\/en\\\/#website\",\"url\":\"http:\\\/\\\/alberguesegundaetapa.com\\\/en\\\/\",\"name\":\"Albergue Segunda Etapa ZUBIRI Camino de Santiago\",\"description\":\"Albergue Segunda Etapa ZUBIRI Camino de Santiago\",\"publisher\":{\"@id\":\"http:\\\/\\\/alberguesegundaetapa.com\\\/en\\\/#organization\"},\"potentialAction\":[{\"@type\":\"SearchAction\",\"target\":{\"@type\":\"EntryPoint\",\"urlTemplate\":\"http:\\\/\\\/alberguesegundaetapa.com\\\/en\\\/?s={search_term_string}\"},\"query-input\":{\"@type\":\"PropertyValueSpecification\",\"valueRequired\":true,\"valueName\":\"search_term_string\"}}],\"inLanguage\":\"fr-FR\"},{\"@type\":\"Organization\",\"@id\":\"http:\\\/\\\/alberguesegundaetapa.com\\\/en\\\/#organization\",\"name\":\"Albergue Segunda etapa\",\"url\":\"http:\\\/\\\/alberguesegundaetapa.com\\\/en\\\/\",\"logo\":{\"@type\":\"ImageObject\",\"inLanguage\":\"fr-FR\",\"@id\":\"http:\\\/\\\/alberguesegundaetapa.com\\\/en\\\/#\\\/schema\\\/logo\\\/image\\\/\",\"url\":\"http:\\\/\\\/alberguesegundaetapa.com\\\/wp-content\\\/uploads\\\/2016\\\/08\\\/Logo.jpg\",\"contentUrl\":\"http:\\\/\\\/alberguesegundaetapa.com\\\/wp-content\\\/uploads\\\/2016\\\/08\\\/Logo.jpg\",\"width\":200,\"height\":100,\"caption\":\"Albergue Segunda etapa\"},\"image\":{\"@id\":\"http:\\\/\\\/alberguesegundaetapa.com\\\/en\\\/#\\\/schema\\\/logo\\\/image\\\/\"},\"sameAs\":[\"https:\\\/\\\/www.facebook.com\\\/alberguesegundaetapazubiri\\\/\",\"https:\\\/\\\/x.com\\\/albergue2etapa\"]}]}<\/script>\n<!-- \/ Yoast SEO plugin. -->","yoast_head_json":{"title":"Habitaciones Albergue Camino de Santiago ZUBIRI Navarra","description":"Albergue Camino de Santiago Zubiri Navarra Avenida de Roncesvalles, 22 \u2013 31630 ZUBIRI (NAVARRA) Tel\u00e9fono (+34) 948304170 M\u00f3vil: (+34) 697186560","robots":{"index":"noindex","follow":"follow","max-snippet":"max-snippet:-1","max-image-preview":"max-image-preview:large","max-video-preview":"max-video-preview:-1"},"og_locale":"fr_FR","og_type":"article","og_title":"Habitaciones Albergue Camino de Santiago ZUBIRI Navarra","og_description":"Albergue Camino de Santiago Zubiri Navarra Avenida de Roncesvalles, 22 \u2013 31630 ZUBIRI (NAVARRA) Tel\u00e9fono (+34) 948304170 M\u00f3vil: (+34) 697186560","og_url":"http:\/\/alberguesegundaetapa.com\/en\/habitaciones-albergue-camino-de-santiago-zubiri-navarra","og_site_name":"Albergue Segunda Etapa ZUBIRI Camino de Santiago","article_publisher":"https:\/\/www.facebook.com\/alberguesegundaetapazubiri\/","article_modified_time":"2017-04-06T11:00:10+00:00","og_image":[{"width":450,"height":46,"url":"http:\/\/alberguesegundaetapa.com\/wp-content\/uploads\/2016\/08\/Albergue-camino-de-santiago-Zubiri-Navarra.jpg","type":"image\/jpeg"}],"twitter_card":"summary_large_image","twitter_site":"@albergue2etapa","twitter_misc":{"Dur\u00e9e de lecture estim\u00e9e":"5 minutes"},"schema":{"@context":"https:\/\/schema.org","@graph":[{"@type":"WebPage","@id":"http:\/\/alberguesegundaetapa.com\/en\/habitaciones-albergue-camino-de-santiago-zubiri-navarra","url":"http:\/\/alberguesegundaetapa.com\/en\/habitaciones-albergue-camino-de-santiago-zubiri-navarra","name":"Habitaciones Albergue Camino de Santiago ZUBIRI Navarra","isPartOf":{"@id":"http:\/\/alberguesegundaetapa.com\/en\/#website"},"primaryImageOfPage":{"@id":"http:\/\/alberguesegundaetapa.com\/en\/habitaciones-albergue-camino-de-santiago-zubiri-navarra#primaryimage"},"image":{"@id":"http:\/\/alberguesegundaetapa.com\/en\/habitaciones-albergue-camino-de-santiago-zubiri-navarra#primaryimage"},"thumbnailUrl":"http:\/\/alberguesegundaetapa.com\/wp-content\/uploads\/2016\/08\/Albergue-camino-de-santiago-Zubiri-Navarra.jpg","datePublished":"2016-08-10T08:43:21+00:00","dateModified":"2017-04-06T11:00:10+00:00","description":"Albergue Camino de Santiago Zubiri Navarra Avenida de Roncesvalles, 22 \u2013 31630 ZUBIRI (NAVARRA) Tel\u00e9fono (+34) 948304170 M\u00f3vil: (+34) 697186560","breadcrumb":{"@id":"http:\/\/alberguesegundaetapa.com\/en\/habitaciones-albergue-camino-de-santiago-zubiri-navarra#breadcrumb"},"inLanguage":"fr-FR","potentialAction":[{"@type":"ReadAction","target":["http:\/\/alberguesegundaetapa.com\/en\/habitaciones-albergue-camino-de-santiago-zubiri-navarra"]}]},{"@type":"ImageObject","inLanguage":"fr-FR","@id":"http:\/\/alberguesegundaetapa.com\/en\/habitaciones-albergue-camino-de-santiago-zubiri-navarra#primaryimage","url":"http:\/\/alberguesegundaetapa.com\/wp-content\/uploads\/2016\/08\/Albergue-camino-de-santiago-Zubiri-Navarra.jpg","contentUrl":"http:\/\/alberguesegundaetapa.com\/wp-content\/uploads\/2016\/08\/Albergue-camino-de-santiago-Zubiri-Navarra.jpg"},{"@type":"BreadcrumbList","@id":"http:\/\/alberguesegundaetapa.com\/en\/habitaciones-albergue-camino-de-santiago-zubiri-navarra#breadcrumb","itemListElement":[{"@type":"ListItem","position":1,"name":"Portada","item":"http:\/\/alberguesegundaetapa.com\/en\/"},{"@type":"ListItem","position":2,"name":"ROOMS-RATES"}]},{"@type":"WebSite","@id":"http:\/\/alberguesegundaetapa.com\/en\/#website","url":"http:\/\/alberguesegundaetapa.com\/en\/","name":"Albergue Segunda Etapa ZUBIRI Camino de Santiago","description":"Albergue Segunda Etapa ZUBIRI Camino de Santiago","publisher":{"@id":"http:\/\/alberguesegundaetapa.com\/en\/#organization"},"potentialAction":[{"@type":"SearchAction","target":{"@type":"EntryPoint","urlTemplate":"http:\/\/alberguesegundaetapa.com\/en\/?s={search_term_string}"},"query-input":{"@type":"PropertyValueSpecification","valueRequired":true,"valueName":"search_term_string"}}],"inLanguage":"fr-FR"},{"@type":"Organization","@id":"http:\/\/alberguesegundaetapa.com\/en\/#organization","name":"Albergue Segunda etapa","url":"http:\/\/alberguesegundaetapa.com\/en\/","logo":{"@type":"ImageObject","inLanguage":"fr-FR","@id":"http:\/\/alberguesegundaetapa.com\/en\/#\/schema\/logo\/image\/","url":"http:\/\/alberguesegundaetapa.com\/wp-content\/uploads\/2016\/08\/Logo.jpg","contentUrl":"http:\/\/alberguesegundaetapa.com\/wp-content\/uploads\/2016\/08\/Logo.jpg","width":200,"height":100,"caption":"Albergue Segunda etapa"},"image":{"@id":"http:\/\/alberguesegundaetapa.com\/en\/#\/schema\/logo\/image\/"},"sameAs":["https:\/\/www.facebook.com\/alberguesegundaetapazubiri\/","https:\/\/x.com\/albergue2etapa"]}]}},"_links":{"self":[{"href":"http:\/\/alberguesegundaetapa.com\/fr\/wp-json\/wp\/v2\/pages\/17","targetHints":{"allow":["GET"]}}],"collection":[{"href":"http:\/\/alberguesegundaetapa.com\/fr\/wp-json\/wp\/v2\/pages"}],"about":[{"href":"http:\/\/alberguesegundaetapa.com\/fr\/wp-json\/wp\/v2\/types\/page"}],"author":[{"embeddable":true,"href":"http:\/\/alberguesegundaetapa.com\/fr\/wp-json\/wp\/v2\/users\/1"}],"replies":[{"embeddable":true,"href":"http:\/\/alberguesegundaetapa.com\/fr\/wp-json\/wp\/v2\/comments?post=17"}],"version-history":[{"count":88,"href":"http:\/\/alberguesegundaetapa.com\/fr\/wp-json\/wp\/v2\/pages\/17\/revisions"}],"predecessor-version":[{"id":585,"href":"http:\/\/alberguesegundaetapa.com\/fr\/wp-json\/wp\/v2\/pages\/17\/revisions\/585"}],"wp:attachment":[{"href":"http:\/\/alberguesegundaetapa.com\/fr\/wp-json\/wp\/v2\/media?parent=17"}],"curies":[{"name":"wp","href":"https:\/\/api.w.org\/{rel}","templated":true}]}}