{"id":26,"date":"2016-08-10T08:46:50","date_gmt":"2016-08-10T08:46:50","guid":{"rendered":"http:\/\/alberguesegundaetapa.apps-1and1.net\/?page_id=26"},"modified":"2017-04-06T12:04:10","modified_gmt":"2017-04-06T11:04:10","slug":"albergues-peregrinos-camino-de-santiago-zubiri-navarra","status":"publish","type":"page","link":"http:\/\/alberguesegundaetapa.com\/en\/albergues-peregrinos-camino-de-santiago-zubiri-navarra","title":{"rendered":"PICTURES"},"content":{"rendered":"<div hidden=\"\">\n<h2>Albergues Peregrinos Camino de Santiago ZUBIRI Navarra<\/h2>\n<\/div>\n<p><img loading=\"lazy\" decoding=\"async\" class=\"alignnone wp-image-364 size-full aligncenter\" title=\"Albergues Peregrinos Camino de Santiago ZUBIRI Navarra\" src=\"http:\/\/alberguesegundaetapa.com\/wp-content\/uploads\/2016\/08\/Albergue-camino-de-santiago-Zubiri-Navarra.jpg\" alt=\"Albergues Peregrinos Camino de Santiago ZUBIRI Navarra\" width=\"450\" height=\"46\" srcset=\"http:\/\/alberguesegundaetapa.com\/wp-content\/uploads\/2016\/08\/Albergue-camino-de-santiago-Zubiri-Navarra.jpg 450w, http:\/\/alberguesegundaetapa.com\/wp-content\/uploads\/2016\/08\/Albergue-camino-de-santiago-Zubiri-Navarra-300x31.jpg 300w, http:\/\/alberguesegundaetapa.com\/wp-content\/uploads\/2016\/08\/Albergue-camino-de-santiago-Zubiri-Navarra-240x25.jpg 240w, http:\/\/alberguesegundaetapa.com\/wp-content\/uploads\/2016\/08\/Albergue-camino-de-santiago-Zubiri-Navarra-430x44.jpg 430w\" sizes=\"auto, (max-width: 450px) 100vw, 450px\" \/><\/p>\n<div style=\"text-align: center;\" hidden=\"\">\n<p>Albergue Segunda Etapa es un moderno y acogedor Albergue.&nbsp; <span lang=\"es\">Donde todo el mundo que busca la comodidad y un lugar para relajarse es bienvenido<\/span>.<\/p>\n<p>Situada a mitad de camino entre Orreaga\/Roncesvalles y Pamplona, encontramos esta localidad, parada obligatoria en el <strong>Camino de Santiago <\/strong>Franc\u00e9s.<\/p>\n<p>Rodeada de un bello paisaje, Zubiri es la capital del valle de Esteribar. Aunque el pueblo se ha transformado recientemente, conserva alguna casa caracter\u00edstica del siglo XVIII.<br \/>\nEl <strong> Albergue Segunda Etapa, Camino de Santiago, ZUBIRI, Navarra <\/strong>que da nombre al municipio salva el curso del r\u00edo Arga tambi\u00e9n conocido como puente de la Rabia ha sido testigo hasta hace unos a\u00f1os de <strong>una singular tradici\u00f3n<\/strong>: se obligaba a los animales a pasar alrededor de su pilar central para evitar la rabia, pues seg\u00fan cuenta la leyenda ostenta ese poder sobrenatural.<\/p>\n<p>Las fiestas patronales de la localidad se celebran la primera semana de agosto en honor a San Esteban.<\/p>\n<p>Habitualmente, es fin de etapa del Camino de Santiago, para quienes salen de Roncesvalles, una de las etapas m\u00e1s bonitas, y dura tambi\u00e9n, del Camino Franc\u00e9s a su paso por Navarra<\/p>\n<hr class=\"linea\">\n<div><strong>Albergue Segunda Etapa<\/strong><br \/>\nAvenida de Roncesvalles, 22 \u2013 31630 <strong>ZUBIRI<\/strong> (NAVARRA)<br \/>\nTel\u00e9fono (+34) 948304170 | M\u00f3vil: (+34) 697186560<br \/>\n<em><a href=\"mailto:info@alberguesegundaetapa.com\">info@alberguesegundaetapa.com<\/a><\/em><\/div>\n<p style=\"text-align: center;\"><em><strong>Registro Turismo Gobierno de Navarra: UAB0116<\/strong><\/em><\/p>\n<\/div>\n<p align=\"center\">ngg_shortcode_0_placeholder<\/p>\n","protected":false},"excerpt":{"rendered":"<p>Albergues Peregrinos Camino de Santiago ZUBIRI Navarra Albergue Segunda Etapa es un moderno y acogedor Albergue.&nbsp; Donde todo el mundo&nbsp;[&hellip;]<\/p>\n","protected":false},"author":1,"featured_media":0,"parent":0,"menu_order":0,"comment_status":"closed","ping_status":"closed","template":"page-templates\/template_fullwidth.php","meta":{"_monsterinsights_skip_tracking":false,"_monsterinsights_sitenote_active":false,"_monsterinsights_sitenote_note":"","_monsterinsights_sitenote_category":0,"ngg_post_thumbnail":0,"footnotes":""},"class_list":["post-26","page","type-page","status-publish","hentry","post-item clearfix"],"yoast_head":"<!-- This site is optimized with the Yoast SEO plugin v27.4 - https:\/\/yoast.com\/product\/yoast-seo-wordpress\/ -->\n<title>Albergues Camino de Santiago ZUBIRI Navarra, Albergue Segunda Etapa<\/title>\n<meta name=\"description\" content=\"(Espa\u00f1ol) Albergues Peregrinos Camino de Santiago ZUBIRI Navarra, es un moderno y acogedor Albergue. Todo el mundo que busque comodidad y un lugar para relajarse\" \/>\n<meta name=\"robots\" content=\"noindex, follow, max-snippet:-1, max-image-preview:large, max-video-preview:-1\" \/>\n<meta property=\"og:locale\" content=\"en_US\" \/>\n<meta property=\"og:type\" content=\"article\" \/>\n<meta property=\"og:title\" content=\"Albergues Camino de Santiago ZUBIRI Navarra, Albergue Segunda Etapa\" \/>\n<meta property=\"og:description\" content=\"(Espa\u00f1ol) Albergues Peregrinos Camino de Santiago ZUBIRI Navarra, es un moderno y acogedor Albergue. Todo el mundo que busque comodidad y un lugar para relajarse\" \/>\n<meta property=\"og:url\" content=\"http:\/\/alberguesegundaetapa.com\/fr\/albergues-peregrinos-camino-de-santiago-zubiri-navarra\" \/>\n<meta property=\"og:site_name\" content=\"Albergue Segunda Etapa ZUBIRI Camino de Santiago\" \/>\n<meta property=\"article:publisher\" content=\"https:\/\/www.facebook.com\/alberguesegundaetapazubiri\/\" \/>\n<meta property=\"article:modified_time\" content=\"2017-04-06T11:04:10+00:00\" \/>\n<meta property=\"og:image\" content=\"http:\/\/alberguesegundaetapa.com\/wp-content\/uploads\/2016\/08\/Albergue-camino-de-santiago-Zubiri-Navarra.jpg\" \/>\n\t<meta property=\"og:image:width\" content=\"450\" \/>\n\t<meta property=\"og:image:height\" content=\"46\" \/>\n\t<meta property=\"og:image:type\" content=\"image\/jpeg\" \/>\n<meta name=\"twitter:card\" content=\"summary_large_image\" \/>\n<meta name=\"twitter:site\" content=\"@albergue2etapa\" \/>\n<meta name=\"twitter:label1\" content=\"Est. reading time\" \/>\n\t<meta name=\"twitter:data1\" content=\"1 minute\" \/>\n<script type=\"application\/ld+json\" class=\"yoast-schema-graph\">{\"@context\":\"https:\\\/\\\/schema.org\",\"@graph\":[{\"@type\":\"WebPage\",\"@id\":\"http:\\\/\\\/alberguesegundaetapa.com\\\/fr\\\/albergues-peregrinos-camino-de-santiago-zubiri-navarra\",\"url\":\"http:\\\/\\\/alberguesegundaetapa.com\\\/fr\\\/albergues-peregrinos-camino-de-santiago-zubiri-navarra\",\"name\":\"Albergues Camino de Santiago ZUBIRI Navarra, Albergue Segunda Etapa\",\"isPartOf\":{\"@id\":\"http:\\\/\\\/alberguesegundaetapa.com\\\/en\\\/#website\"},\"primaryImageOfPage\":{\"@id\":\"http:\\\/\\\/alberguesegundaetapa.com\\\/fr\\\/albergues-peregrinos-camino-de-santiago-zubiri-navarra#primaryimage\"},\"image\":{\"@id\":\"http:\\\/\\\/alberguesegundaetapa.com\\\/fr\\\/albergues-peregrinos-camino-de-santiago-zubiri-navarra#primaryimage\"},\"thumbnailUrl\":\"http:\\\/\\\/alberguesegundaetapa.com\\\/wp-content\\\/uploads\\\/2016\\\/08\\\/Albergue-camino-de-santiago-Zubiri-Navarra.jpg\",\"datePublished\":\"2016-08-10T08:46:50+00:00\",\"dateModified\":\"2017-04-06T11:04:10+00:00\",\"description\":\"(Espa\u00f1ol) Albergues Peregrinos Camino de Santiago ZUBIRI Navarra, es un moderno y acogedor Albergue. Todo el mundo que busque comodidad y un lugar para relajarse\",\"breadcrumb\":{\"@id\":\"http:\\\/\\\/alberguesegundaetapa.com\\\/fr\\\/albergues-peregrinos-camino-de-santiago-zubiri-navarra#breadcrumb\"},\"inLanguage\":\"en-US\",\"potentialAction\":[{\"@type\":\"ReadAction\",\"target\":[\"http:\\\/\\\/alberguesegundaetapa.com\\\/fr\\\/albergues-peregrinos-camino-de-santiago-zubiri-navarra\"]}]},{\"@type\":\"ImageObject\",\"inLanguage\":\"en-US\",\"@id\":\"http:\\\/\\\/alberguesegundaetapa.com\\\/fr\\\/albergues-peregrinos-camino-de-santiago-zubiri-navarra#primaryimage\",\"url\":\"http:\\\/\\\/alberguesegundaetapa.com\\\/wp-content\\\/uploads\\\/2016\\\/08\\\/Albergue-camino-de-santiago-Zubiri-Navarra.jpg\",\"contentUrl\":\"http:\\\/\\\/alberguesegundaetapa.com\\\/wp-content\\\/uploads\\\/2016\\\/08\\\/Albergue-camino-de-santiago-Zubiri-Navarra.jpg\"},{\"@type\":\"BreadcrumbList\",\"@id\":\"http:\\\/\\\/alberguesegundaetapa.com\\\/fr\\\/albergues-peregrinos-camino-de-santiago-zubiri-navarra#breadcrumb\",\"itemListElement\":[{\"@type\":\"ListItem\",\"position\":1,\"name\":\"Portada\",\"item\":\"http:\\\/\\\/alberguesegundaetapa.com\\\/en\\\/\"},{\"@type\":\"ListItem\",\"position\":2,\"name\":\"PHOTOS\"}]},{\"@type\":\"WebSite\",\"@id\":\"http:\\\/\\\/alberguesegundaetapa.com\\\/en\\\/#website\",\"url\":\"http:\\\/\\\/alberguesegundaetapa.com\\\/en\\\/\",\"name\":\"Albergue Segunda Etapa ZUBIRI Camino de Santiago\",\"description\":\"Albergue Segunda Etapa ZUBIRI Camino de Santiago\",\"publisher\":{\"@id\":\"http:\\\/\\\/alberguesegundaetapa.com\\\/en\\\/#organization\"},\"potentialAction\":[{\"@type\":\"SearchAction\",\"target\":{\"@type\":\"EntryPoint\",\"urlTemplate\":\"http:\\\/\\\/alberguesegundaetapa.com\\\/en\\\/?s={search_term_string}\"},\"query-input\":{\"@type\":\"PropertyValueSpecification\",\"valueRequired\":true,\"valueName\":\"search_term_string\"}}],\"inLanguage\":\"en-US\"},{\"@type\":\"Organization\",\"@id\":\"http:\\\/\\\/alberguesegundaetapa.com\\\/en\\\/#organization\",\"name\":\"Albergue Segunda etapa\",\"url\":\"http:\\\/\\\/alberguesegundaetapa.com\\\/en\\\/\",\"logo\":{\"@type\":\"ImageObject\",\"inLanguage\":\"en-US\",\"@id\":\"http:\\\/\\\/alberguesegundaetapa.com\\\/en\\\/#\\\/schema\\\/logo\\\/image\\\/\",\"url\":\"http:\\\/\\\/alberguesegundaetapa.com\\\/wp-content\\\/uploads\\\/2016\\\/08\\\/Logo.jpg\",\"contentUrl\":\"http:\\\/\\\/alberguesegundaetapa.com\\\/wp-content\\\/uploads\\\/2016\\\/08\\\/Logo.jpg\",\"width\":200,\"height\":100,\"caption\":\"Albergue Segunda etapa\"},\"image\":{\"@id\":\"http:\\\/\\\/alberguesegundaetapa.com\\\/en\\\/#\\\/schema\\\/logo\\\/image\\\/\"},\"sameAs\":[\"https:\\\/\\\/www.facebook.com\\\/alberguesegundaetapazubiri\\\/\",\"https:\\\/\\\/x.com\\\/albergue2etapa\"]}]}<\/script>\n<!-- \/ Yoast SEO plugin. -->","yoast_head_json":{"title":"Albergues Camino de Santiago ZUBIRI Navarra, Albergue Segunda Etapa","description":"(Espa\u00f1ol) Albergues Peregrinos Camino de Santiago ZUBIRI Navarra, es un moderno y acogedor Albergue. Todo el mundo que busque comodidad y un lugar para relajarse","robots":{"index":"noindex","follow":"follow","max-snippet":"max-snippet:-1","max-image-preview":"max-image-preview:large","max-video-preview":"max-video-preview:-1"},"og_locale":"en_US","og_type":"article","og_title":"Albergues Camino de Santiago ZUBIRI Navarra, Albergue Segunda Etapa","og_description":"(Espa\u00f1ol) Albergues Peregrinos Camino de Santiago ZUBIRI Navarra, es un moderno y acogedor Albergue. Todo el mundo que busque comodidad y un lugar para relajarse","og_url":"http:\/\/alberguesegundaetapa.com\/fr\/albergues-peregrinos-camino-de-santiago-zubiri-navarra","og_site_name":"Albergue Segunda Etapa ZUBIRI Camino de Santiago","article_publisher":"https:\/\/www.facebook.com\/alberguesegundaetapazubiri\/","article_modified_time":"2017-04-06T11:04:10+00:00","og_image":[{"width":450,"height":46,"url":"http:\/\/alberguesegundaetapa.com\/wp-content\/uploads\/2016\/08\/Albergue-camino-de-santiago-Zubiri-Navarra.jpg","type":"image\/jpeg"}],"twitter_card":"summary_large_image","twitter_site":"@albergue2etapa","twitter_misc":{"Est. reading time":"1 minute"},"schema":{"@context":"https:\/\/schema.org","@graph":[{"@type":"WebPage","@id":"http:\/\/alberguesegundaetapa.com\/fr\/albergues-peregrinos-camino-de-santiago-zubiri-navarra","url":"http:\/\/alberguesegundaetapa.com\/fr\/albergues-peregrinos-camino-de-santiago-zubiri-navarra","name":"Albergues Camino de Santiago ZUBIRI Navarra, Albergue Segunda Etapa","isPartOf":{"@id":"http:\/\/alberguesegundaetapa.com\/en\/#website"},"primaryImageOfPage":{"@id":"http:\/\/alberguesegundaetapa.com\/fr\/albergues-peregrinos-camino-de-santiago-zubiri-navarra#primaryimage"},"image":{"@id":"http:\/\/alberguesegundaetapa.com\/fr\/albergues-peregrinos-camino-de-santiago-zubiri-navarra#primaryimage"},"thumbnailUrl":"http:\/\/alberguesegundaetapa.com\/wp-content\/uploads\/2016\/08\/Albergue-camino-de-santiago-Zubiri-Navarra.jpg","datePublished":"2016-08-10T08:46:50+00:00","dateModified":"2017-04-06T11:04:10+00:00","description":"(Espa\u00f1ol) Albergues Peregrinos Camino de Santiago ZUBIRI Navarra, es un moderno y acogedor Albergue. Todo el mundo que busque comodidad y un lugar para relajarse","breadcrumb":{"@id":"http:\/\/alberguesegundaetapa.com\/fr\/albergues-peregrinos-camino-de-santiago-zubiri-navarra#breadcrumb"},"inLanguage":"en-US","potentialAction":[{"@type":"ReadAction","target":["http:\/\/alberguesegundaetapa.com\/fr\/albergues-peregrinos-camino-de-santiago-zubiri-navarra"]}]},{"@type":"ImageObject","inLanguage":"en-US","@id":"http:\/\/alberguesegundaetapa.com\/fr\/albergues-peregrinos-camino-de-santiago-zubiri-navarra#primaryimage","url":"http:\/\/alberguesegundaetapa.com\/wp-content\/uploads\/2016\/08\/Albergue-camino-de-santiago-Zubiri-Navarra.jpg","contentUrl":"http:\/\/alberguesegundaetapa.com\/wp-content\/uploads\/2016\/08\/Albergue-camino-de-santiago-Zubiri-Navarra.jpg"},{"@type":"BreadcrumbList","@id":"http:\/\/alberguesegundaetapa.com\/fr\/albergues-peregrinos-camino-de-santiago-zubiri-navarra#breadcrumb","itemListElement":[{"@type":"ListItem","position":1,"name":"Portada","item":"http:\/\/alberguesegundaetapa.com\/en\/"},{"@type":"ListItem","position":2,"name":"PHOTOS"}]},{"@type":"WebSite","@id":"http:\/\/alberguesegundaetapa.com\/en\/#website","url":"http:\/\/alberguesegundaetapa.com\/en\/","name":"Albergue Segunda Etapa ZUBIRI Camino de Santiago","description":"Albergue Segunda Etapa ZUBIRI Camino de Santiago","publisher":{"@id":"http:\/\/alberguesegundaetapa.com\/en\/#organization"},"potentialAction":[{"@type":"SearchAction","target":{"@type":"EntryPoint","urlTemplate":"http:\/\/alberguesegundaetapa.com\/en\/?s={search_term_string}"},"query-input":{"@type":"PropertyValueSpecification","valueRequired":true,"valueName":"search_term_string"}}],"inLanguage":"en-US"},{"@type":"Organization","@id":"http:\/\/alberguesegundaetapa.com\/en\/#organization","name":"Albergue Segunda etapa","url":"http:\/\/alberguesegundaetapa.com\/en\/","logo":{"@type":"ImageObject","inLanguage":"en-US","@id":"http:\/\/alberguesegundaetapa.com\/en\/#\/schema\/logo\/image\/","url":"http:\/\/alberguesegundaetapa.com\/wp-content\/uploads\/2016\/08\/Logo.jpg","contentUrl":"http:\/\/alberguesegundaetapa.com\/wp-content\/uploads\/2016\/08\/Logo.jpg","width":200,"height":100,"caption":"Albergue Segunda etapa"},"image":{"@id":"http:\/\/alberguesegundaetapa.com\/en\/#\/schema\/logo\/image\/"},"sameAs":["https:\/\/www.facebook.com\/alberguesegundaetapazubiri\/","https:\/\/x.com\/albergue2etapa"]}]}},"_links":{"self":[{"href":"http:\/\/alberguesegundaetapa.com\/en\/wp-json\/wp\/v2\/pages\/26","targetHints":{"allow":["GET"]}}],"collection":[{"href":"http:\/\/alberguesegundaetapa.com\/en\/wp-json\/wp\/v2\/pages"}],"about":[{"href":"http:\/\/alberguesegundaetapa.com\/en\/wp-json\/wp\/v2\/types\/page"}],"author":[{"embeddable":true,"href":"http:\/\/alberguesegundaetapa.com\/en\/wp-json\/wp\/v2\/users\/1"}],"replies":[{"embeddable":true,"href":"http:\/\/alberguesegundaetapa.com\/en\/wp-json\/wp\/v2\/comments?post=26"}],"version-history":[{"count":24,"href":"http:\/\/alberguesegundaetapa.com\/en\/wp-json\/wp\/v2\/pages\/26\/revisions"}],"predecessor-version":[{"id":588,"href":"http:\/\/alberguesegundaetapa.com\/en\/wp-json\/wp\/v2\/pages\/26\/revisions\/588"}],"wp:attachment":[{"href":"http:\/\/alberguesegundaetapa.com\/en\/wp-json\/wp\/v2\/media?parent=26"}],"curies":[{"name":"wp","href":"https:\/\/api.w.org\/{rel}","templated":true}]}}