{"id":20,"date":"2016-08-10T08:45:59","date_gmt":"2016-08-10T08:45:59","guid":{"rendered":"http:\/\/alberguesegundaetapa.apps-1and1.net\/?page_id=20"},"modified":"2017-04-06T11:55:39","modified_gmt":"2017-04-06T10:55:39","slug":"albergues-camino-de-santiago-zubiri-navarra","status":"publish","type":"page","link":"http:\/\/alberguesegundaetapa.com\/en\/albergues-camino-de-santiago-zubiri-navarra","title":{"rendered":"LOCATION"},"content":{"rendered":"<p><\/p>\n<div hidden=\"\">\n<h2><span style=\"font-size: 10px;\">Albergues camino de santiago zubiri navarra<\/span><\/h2>\n<p><strong>Albergue Segunda Etapa<\/strong><br \/>\nAvenida de Roncesvalles, 22 \u2013 31630 <strong>ZUBIRI<\/strong> (NAVARRA)<br \/>\nTel\u00e9fono (+34) 948304170 | M\u00f3vil: (+34) 697186560<br \/>\n<em><a href=\"mailto:info@alberguesegundaetapa.com\">info@alberguesegundaetapa.com<\/a><\/em><\/p>\n<p style=\"text-align: center;\"><em><strong>Registro de Turismo en el Gobierno de Navarra: UAB0116<\/strong><\/em><\/p>\n<\/div>\n<p><img loading=\"lazy\" decoding=\"async\" class=\"alignnone wp-image-364 size-full aligncenter\" title=\"Albergues camino de santiago zubiri navarra\" src=\"http:\/\/alberguesegundaetapa.com\/wp-content\/uploads\/2016\/08\/Albergue-camino-de-santiago-Zubiri-Navarra.jpg\" alt=\"Albergues camino de santiago zubiri navarra\" width=\"450\" height=\"46\" srcset=\"http:\/\/alberguesegundaetapa.com\/wp-content\/uploads\/2016\/08\/Albergue-camino-de-santiago-Zubiri-Navarra.jpg 450w, http:\/\/alberguesegundaetapa.com\/wp-content\/uploads\/2016\/08\/Albergue-camino-de-santiago-Zubiri-Navarra-300x31.jpg 300w, http:\/\/alberguesegundaetapa.com\/wp-content\/uploads\/2016\/08\/Albergue-camino-de-santiago-Zubiri-Navarra-240x25.jpg 240w, http:\/\/alberguesegundaetapa.com\/wp-content\/uploads\/2016\/08\/Albergue-camino-de-santiago-Zubiri-Navarra-430x44.jpg 430w\" sizes=\"auto, (max-width: 450px) 100vw, 450px\" \/><\/p>\n<div style=\"text-align: center;\" hidden=\"\"><strong>Albergue Segunda Etapa<\/strong><br \/>\nAvenida de Roncesvalles, 22 \u2013 31630 <strong>ZUBIRI<\/strong> (NAVARRA)<br \/>\nTel\u00e9fono (+34) 948304170 | M\u00f3vil: (+34) 697186560<br \/>\n<em><a href=\"mailto:info@alberguesegundaetapa.com\">info@alberguesegundaetapa.com<\/a><\/em><\/p>\n<p style=\"text-align: center;\"><em><strong>Registro Turismo Gobierno de Navarra: UAB0116<\/strong><\/em><\/p>\n<p>Albergue Segunda Etapa es un moderno y acogedor Albergue.&nbsp; <span lang=\"es\">Donde todo el mundo que busca la comodidad y un lugar para relajarse es bienvenido<\/span>.<\/p>\n<p>Situada a mitad de camino entre Orreaga\/Roncesvalles y Pamplona,entonces encontramos esta localidad, parada obligatoria en el <strong>Camino de Santiago <\/strong>Franc\u00e9s.<\/p>\n<p>Rodeada de un bello paisaje, es Zubiri y tambi\u00e9n la capital del valle de Esteribar. Aunque el pueblo se ha transformado recientemente, conserva alguna casa caracter\u00edstica del siglo XVIII.<br \/>\nEl <strong> Albergue Segunda Etapa, Camino de Santiago, ZUBIRI, Navarra <\/strong>que da nombre al municipio porque salva el curso del r\u00edo Arga. Tambi\u00e9n conocido como puente de la Rabia ha sido testigo hasta hace unos a\u00f1os de <strong>una singular tradici\u00f3n<\/strong>: se obligaba a los animales a pasar alrededor de su pilar central para evitar la rabia, pues seg\u00fan cuenta la leyenda ostenta ese poder sobrenatural.<\/p>\n<\/div>\n<p style=\"text-align: center;\"><iframe loading=\"lazy\" style=\"border: 0;\" src=\"https:\/\/www.google.com\/maps\/embed?pb=!1m18!1m12!1m3!1d2921.235638151548!2d-1.5063846844728512!3d42.931158979152684!2m3!1f0!2f0!3f0!3m2!1i1024!2i768!4f13.1!3m3!1m2!1s0xd50c1f59c98f0cb%3A0xec6f3773eab26419!2sAlbergue+Segunda+Etapa!5e0!3m2!1ses!2ses!4v1489618124524\" allowfullscreen=\"allowfullscreen\" frameborder=\"0\" width=\"600\" height=\"450\"><\/iframe><\/p>\n<p><\/p>","protected":false},"excerpt":{"rendered":"<p>Albergues camino de santiago zubiri navarra Albergue Segunda Etapa Avenida de Roncesvalles, 22 \u2013 31630 ZUBIRI (NAVARRA) Tel\u00e9fono (+34) 948304170&nbsp;[&hellip;]<\/p>\n","protected":false},"author":1,"featured_media":0,"parent":0,"menu_order":0,"comment_status":"closed","ping_status":"closed","template":"page-templates\/template_fullwidth.php","meta":{"_monsterinsights_skip_tracking":false,"_monsterinsights_sitenote_active":false,"_monsterinsights_sitenote_note":"","_monsterinsights_sitenote_category":0,"ngg_post_thumbnail":0,"footnotes":""},"class_list":["post-20","page","type-page","status-publish","hentry","post-item clearfix"],"yoast_head":"<!-- This site is optimized with the Yoast SEO plugin v27.4 - https:\/\/yoast.com\/product\/yoast-seo-wordpress\/ -->\n<title>Localizacion Albergues camino de santiago zubiri Navarra<\/title>\n<meta name=\"description\" content=\"Albergues camino de santiago zubiri navarra Albergue Segunda Etapa Avenida de Roncesvalles, 22 \u2013 31630 ZUBIRI (NAVARRA) Tel\u00e9fono (+34) 948304170 | M\u00f3vil: (+\" \/>\n<meta name=\"robots\" content=\"noindex, follow, max-snippet:-1, max-image-preview:large, max-video-preview:-1\" \/>\n<meta property=\"og:locale\" content=\"en_US\" \/>\n<meta property=\"og:type\" content=\"article\" \/>\n<meta property=\"og:title\" content=\"Localizacion Albergues camino de santiago zubiri Navarra\" \/>\n<meta property=\"og:description\" content=\"Albergues camino de santiago zubiri navarra Albergue Segunda Etapa Avenida de Roncesvalles, 22 \u2013 31630 ZUBIRI (NAVARRA) Tel\u00e9fono (+34) 948304170 | M\u00f3vil: (+\" \/>\n<meta property=\"og:url\" content=\"http:\/\/alberguesegundaetapa.com\/fr\/albergues-camino-de-santiago-zubiri-navarra\" \/>\n<meta property=\"og:site_name\" content=\"Albergue Segunda Etapa ZUBIRI Camino de Santiago\" \/>\n<meta property=\"article:publisher\" content=\"https:\/\/www.facebook.com\/alberguesegundaetapazubiri\/\" \/>\n<meta property=\"article:modified_time\" content=\"2017-04-06T10:55:39+00:00\" \/>\n<meta property=\"og:image\" content=\"http:\/\/alberguesegundaetapa.com\/wp-content\/uploads\/2016\/08\/Albergue-camino-de-santiago-Zubiri-Navarra.jpg\" \/>\n\t<meta property=\"og:image:width\" content=\"450\" \/>\n\t<meta property=\"og:image:height\" content=\"46\" \/>\n\t<meta property=\"og:image:type\" content=\"image\/jpeg\" \/>\n<meta name=\"twitter:card\" content=\"summary_large_image\" \/>\n<meta name=\"twitter:site\" content=\"@albergue2etapa\" \/>\n<meta name=\"twitter:label1\" content=\"Est. reading time\" \/>\n\t<meta name=\"twitter:data1\" content=\"3 minutes\" \/>\n<script type=\"application\/ld+json\" class=\"yoast-schema-graph\">{\"@context\":\"https:\\\/\\\/schema.org\",\"@graph\":[{\"@type\":\"WebPage\",\"@id\":\"http:\\\/\\\/alberguesegundaetapa.com\\\/fr\\\/albergues-camino-de-santiago-zubiri-navarra\",\"url\":\"http:\\\/\\\/alberguesegundaetapa.com\\\/fr\\\/albergues-camino-de-santiago-zubiri-navarra\",\"name\":\"Localizacion Albergues camino de santiago zubiri Navarra\",\"isPartOf\":{\"@id\":\"http:\\\/\\\/alberguesegundaetapa.com\\\/en\\\/#website\"},\"primaryImageOfPage\":{\"@id\":\"http:\\\/\\\/alberguesegundaetapa.com\\\/fr\\\/albergues-camino-de-santiago-zubiri-navarra#primaryimage\"},\"image\":{\"@id\":\"http:\\\/\\\/alberguesegundaetapa.com\\\/fr\\\/albergues-camino-de-santiago-zubiri-navarra#primaryimage\"},\"thumbnailUrl\":\"http:\\\/\\\/alberguesegundaetapa.com\\\/wp-content\\\/uploads\\\/2016\\\/08\\\/Albergue-camino-de-santiago-Zubiri-Navarra.jpg\",\"datePublished\":\"2016-08-10T08:45:59+00:00\",\"dateModified\":\"2017-04-06T10:55:39+00:00\",\"description\":\"Albergues camino de santiago zubiri navarra Albergue Segunda Etapa Avenida de Roncesvalles, 22 \u2013 31630 ZUBIRI (NAVARRA) Tel\u00e9fono (+34) 948304170 | M\u00f3vil: (+\",\"breadcrumb\":{\"@id\":\"http:\\\/\\\/alberguesegundaetapa.com\\\/fr\\\/albergues-camino-de-santiago-zubiri-navarra#breadcrumb\"},\"inLanguage\":\"en-US\",\"potentialAction\":[{\"@type\":\"ReadAction\",\"target\":[\"http:\\\/\\\/alberguesegundaetapa.com\\\/fr\\\/albergues-camino-de-santiago-zubiri-navarra\"]}]},{\"@type\":\"ImageObject\",\"inLanguage\":\"en-US\",\"@id\":\"http:\\\/\\\/alberguesegundaetapa.com\\\/fr\\\/albergues-camino-de-santiago-zubiri-navarra#primaryimage\",\"url\":\"http:\\\/\\\/alberguesegundaetapa.com\\\/wp-content\\\/uploads\\\/2016\\\/08\\\/Albergue-camino-de-santiago-Zubiri-Navarra.jpg\",\"contentUrl\":\"http:\\\/\\\/alberguesegundaetapa.com\\\/wp-content\\\/uploads\\\/2016\\\/08\\\/Albergue-camino-de-santiago-Zubiri-Navarra.jpg\"},{\"@type\":\"BreadcrumbList\",\"@id\":\"http:\\\/\\\/alberguesegundaetapa.com\\\/fr\\\/albergues-camino-de-santiago-zubiri-navarra#breadcrumb\",\"itemListElement\":[{\"@type\":\"ListItem\",\"position\":1,\"name\":\"Portada\",\"item\":\"http:\\\/\\\/alberguesegundaetapa.com\\\/en\\\/\"},{\"@type\":\"ListItem\",\"position\":2,\"name\":\"LOCALISATION\"}]},{\"@type\":\"WebSite\",\"@id\":\"http:\\\/\\\/alberguesegundaetapa.com\\\/en\\\/#website\",\"url\":\"http:\\\/\\\/alberguesegundaetapa.com\\\/en\\\/\",\"name\":\"Albergue Segunda Etapa ZUBIRI Camino de Santiago\",\"description\":\"Albergue Segunda Etapa ZUBIRI Camino de Santiago\",\"publisher\":{\"@id\":\"http:\\\/\\\/alberguesegundaetapa.com\\\/en\\\/#organization\"},\"potentialAction\":[{\"@type\":\"SearchAction\",\"target\":{\"@type\":\"EntryPoint\",\"urlTemplate\":\"http:\\\/\\\/alberguesegundaetapa.com\\\/en\\\/?s={search_term_string}\"},\"query-input\":{\"@type\":\"PropertyValueSpecification\",\"valueRequired\":true,\"valueName\":\"search_term_string\"}}],\"inLanguage\":\"en-US\"},{\"@type\":\"Organization\",\"@id\":\"http:\\\/\\\/alberguesegundaetapa.com\\\/en\\\/#organization\",\"name\":\"Albergue Segunda etapa\",\"url\":\"http:\\\/\\\/alberguesegundaetapa.com\\\/en\\\/\",\"logo\":{\"@type\":\"ImageObject\",\"inLanguage\":\"en-US\",\"@id\":\"http:\\\/\\\/alberguesegundaetapa.com\\\/en\\\/#\\\/schema\\\/logo\\\/image\\\/\",\"url\":\"http:\\\/\\\/alberguesegundaetapa.com\\\/wp-content\\\/uploads\\\/2016\\\/08\\\/Logo.jpg\",\"contentUrl\":\"http:\\\/\\\/alberguesegundaetapa.com\\\/wp-content\\\/uploads\\\/2016\\\/08\\\/Logo.jpg\",\"width\":200,\"height\":100,\"caption\":\"Albergue Segunda etapa\"},\"image\":{\"@id\":\"http:\\\/\\\/alberguesegundaetapa.com\\\/en\\\/#\\\/schema\\\/logo\\\/image\\\/\"},\"sameAs\":[\"https:\\\/\\\/www.facebook.com\\\/alberguesegundaetapazubiri\\\/\",\"https:\\\/\\\/x.com\\\/albergue2etapa\"]}]}<\/script>\n<!-- \/ Yoast SEO plugin. -->","yoast_head_json":{"title":"Localizacion Albergues camino de santiago zubiri Navarra","description":"Albergues camino de santiago zubiri navarra Albergue Segunda Etapa Avenida de Roncesvalles, 22 \u2013 31630 ZUBIRI (NAVARRA) Tel\u00e9fono (+34) 948304170 | M\u00f3vil: (+","robots":{"index":"noindex","follow":"follow","max-snippet":"max-snippet:-1","max-image-preview":"max-image-preview:large","max-video-preview":"max-video-preview:-1"},"og_locale":"en_US","og_type":"article","og_title":"Localizacion Albergues camino de santiago zubiri Navarra","og_description":"Albergues camino de santiago zubiri navarra Albergue Segunda Etapa Avenida de Roncesvalles, 22 \u2013 31630 ZUBIRI (NAVARRA) Tel\u00e9fono (+34) 948304170 | M\u00f3vil: (+","og_url":"http:\/\/alberguesegundaetapa.com\/fr\/albergues-camino-de-santiago-zubiri-navarra","og_site_name":"Albergue Segunda Etapa ZUBIRI Camino de Santiago","article_publisher":"https:\/\/www.facebook.com\/alberguesegundaetapazubiri\/","article_modified_time":"2017-04-06T10:55:39+00:00","og_image":[{"width":450,"height":46,"url":"http:\/\/alberguesegundaetapa.com\/wp-content\/uploads\/2016\/08\/Albergue-camino-de-santiago-Zubiri-Navarra.jpg","type":"image\/jpeg"}],"twitter_card":"summary_large_image","twitter_site":"@albergue2etapa","twitter_misc":{"Est. reading time":"3 minutes"},"schema":{"@context":"https:\/\/schema.org","@graph":[{"@type":"WebPage","@id":"http:\/\/alberguesegundaetapa.com\/fr\/albergues-camino-de-santiago-zubiri-navarra","url":"http:\/\/alberguesegundaetapa.com\/fr\/albergues-camino-de-santiago-zubiri-navarra","name":"Localizacion Albergues camino de santiago zubiri Navarra","isPartOf":{"@id":"http:\/\/alberguesegundaetapa.com\/en\/#website"},"primaryImageOfPage":{"@id":"http:\/\/alberguesegundaetapa.com\/fr\/albergues-camino-de-santiago-zubiri-navarra#primaryimage"},"image":{"@id":"http:\/\/alberguesegundaetapa.com\/fr\/albergues-camino-de-santiago-zubiri-navarra#primaryimage"},"thumbnailUrl":"http:\/\/alberguesegundaetapa.com\/wp-content\/uploads\/2016\/08\/Albergue-camino-de-santiago-Zubiri-Navarra.jpg","datePublished":"2016-08-10T08:45:59+00:00","dateModified":"2017-04-06T10:55:39+00:00","description":"Albergues camino de santiago zubiri navarra Albergue Segunda Etapa Avenida de Roncesvalles, 22 \u2013 31630 ZUBIRI (NAVARRA) Tel\u00e9fono (+34) 948304170 | M\u00f3vil: (+","breadcrumb":{"@id":"http:\/\/alberguesegundaetapa.com\/fr\/albergues-camino-de-santiago-zubiri-navarra#breadcrumb"},"inLanguage":"en-US","potentialAction":[{"@type":"ReadAction","target":["http:\/\/alberguesegundaetapa.com\/fr\/albergues-camino-de-santiago-zubiri-navarra"]}]},{"@type":"ImageObject","inLanguage":"en-US","@id":"http:\/\/alberguesegundaetapa.com\/fr\/albergues-camino-de-santiago-zubiri-navarra#primaryimage","url":"http:\/\/alberguesegundaetapa.com\/wp-content\/uploads\/2016\/08\/Albergue-camino-de-santiago-Zubiri-Navarra.jpg","contentUrl":"http:\/\/alberguesegundaetapa.com\/wp-content\/uploads\/2016\/08\/Albergue-camino-de-santiago-Zubiri-Navarra.jpg"},{"@type":"BreadcrumbList","@id":"http:\/\/alberguesegundaetapa.com\/fr\/albergues-camino-de-santiago-zubiri-navarra#breadcrumb","itemListElement":[{"@type":"ListItem","position":1,"name":"Portada","item":"http:\/\/alberguesegundaetapa.com\/en\/"},{"@type":"ListItem","position":2,"name":"LOCALISATION"}]},{"@type":"WebSite","@id":"http:\/\/alberguesegundaetapa.com\/en\/#website","url":"http:\/\/alberguesegundaetapa.com\/en\/","name":"Albergue Segunda Etapa ZUBIRI Camino de Santiago","description":"Albergue Segunda Etapa ZUBIRI Camino de Santiago","publisher":{"@id":"http:\/\/alberguesegundaetapa.com\/en\/#organization"},"potentialAction":[{"@type":"SearchAction","target":{"@type":"EntryPoint","urlTemplate":"http:\/\/alberguesegundaetapa.com\/en\/?s={search_term_string}"},"query-input":{"@type":"PropertyValueSpecification","valueRequired":true,"valueName":"search_term_string"}}],"inLanguage":"en-US"},{"@type":"Organization","@id":"http:\/\/alberguesegundaetapa.com\/en\/#organization","name":"Albergue Segunda etapa","url":"http:\/\/alberguesegundaetapa.com\/en\/","logo":{"@type":"ImageObject","inLanguage":"en-US","@id":"http:\/\/alberguesegundaetapa.com\/en\/#\/schema\/logo\/image\/","url":"http:\/\/alberguesegundaetapa.com\/wp-content\/uploads\/2016\/08\/Logo.jpg","contentUrl":"http:\/\/alberguesegundaetapa.com\/wp-content\/uploads\/2016\/08\/Logo.jpg","width":200,"height":100,"caption":"Albergue Segunda etapa"},"image":{"@id":"http:\/\/alberguesegundaetapa.com\/en\/#\/schema\/logo\/image\/"},"sameAs":["https:\/\/www.facebook.com\/alberguesegundaetapazubiri\/","https:\/\/x.com\/albergue2etapa"]}]}},"_links":{"self":[{"href":"http:\/\/alberguesegundaetapa.com\/en\/wp-json\/wp\/v2\/pages\/20","targetHints":{"allow":["GET"]}}],"collection":[{"href":"http:\/\/alberguesegundaetapa.com\/en\/wp-json\/wp\/v2\/pages"}],"about":[{"href":"http:\/\/alberguesegundaetapa.com\/en\/wp-json\/wp\/v2\/types\/page"}],"author":[{"embeddable":true,"href":"http:\/\/alberguesegundaetapa.com\/en\/wp-json\/wp\/v2\/users\/1"}],"replies":[{"embeddable":true,"href":"http:\/\/alberguesegundaetapa.com\/en\/wp-json\/wp\/v2\/comments?post=20"}],"version-history":[{"count":83,"href":"http:\/\/alberguesegundaetapa.com\/en\/wp-json\/wp\/v2\/pages\/20\/revisions"}],"predecessor-version":[{"id":583,"href":"http:\/\/alberguesegundaetapa.com\/en\/wp-json\/wp\/v2\/pages\/20\/revisions\/583"}],"wp:attachment":[{"href":"http:\/\/alberguesegundaetapa.com\/en\/wp-json\/wp\/v2\/media?parent=20"}],"curies":[{"name":"wp","href":"https:\/\/api.w.org\/{rel}","templated":true}]}}