{"id":2,"date":"2016-08-10T07:25:02","date_gmt":"2016-08-10T06:25:02","guid":{"rendered":"http:\/\/alberguesegundaetapa.apps-1and1.net\/?page_id=2"},"modified":"2017-04-06T11:48:04","modified_gmt":"2017-04-06T10:48:04","slug":"albergue-segunda-etapa-camino-de-santiago-zubiri-navarra","status":"publish","type":"page","link":"http:\/\/alberguesegundaetapa.com\/en\/","title":{"rendered":"ALBERGUE SEGUNDA ETAPA"},"content":{"rendered":"<p><\/p>\n<div hidden=\"\">\n<h2><span style=\"font-size: 10px; color: #ffffff;\">Albergue Segunda Etapa, Camino de Santiago, ZUBIRI, Navarra<\/span><\/h2>\n<\/div>\n<p>img class=&#8221;alignnone wp-image-364 size-full aligncenter&#8221; title=&#8221;Albergue Segunda Etapa, Camino de Santiago, ZUBIRI, Navarra&#8221; src=&#8221;http:\/\/alberguesegundaetapa.com\/wp-content\/uploads\/2016\/08\/Albergue-camino-de-santiago-Zubiri-Navarra.jpg&#8221; alt=&#8221;Albergue Segunda Etapa, Camino de Santiago, ZUBIRI, Navarra&#8221; width=&#8221;450&#8243; height=&#8221;46&#8243;><\/p>\n<blockquote><p>Sin embargo el pueblo cruza la carretera y antes de dejar el casco urbano adem\u00e1s tomamos el sendero de la izquierda mientras continuamos de frente sin embargo con la carretera a la derecha. M\u00e1s adelante sale a ella, la recorre durante 200 m. y entra por un sendero a la derecha, en Lintzoain. <\/p>\n<h4 style=\"text-align: center;\"><strong>Albergue Segunda Etapa es un moderno adem\u00e1s de acogedor Albergue.&nbsp; <span lang=\"es\">Donde todo el mundo que busca la comodidad y un lugar para relajarse es bienvenido<\/span>.<\/strong><\/h4>\n<\/blockquote>\n<p style=\"text-align: center;\">Situada a mitad de camino entre Orreaga\/Roncesvalles y Pamplona, encontramos esta localidad, parada obligatoria en el <strong>Camino de Santiago <\/strong>Franc\u00e9s.<\/p>\n<p style=\"text-align: center;\">Rodeada de un bello paisaje, Zubiri es la capital del valle de Esteribar. Aunque el pueblo se ha transformado recientemente, conserva alguna casa caracter\u00edstica del siglo XVIII.<\/p>\n<div style=\"text-align: center;\" hidden=\"\">\n<p>El <strong> Albergue Segunda Etapa, Camino de Santiago, ZUBIRI, Navarra <\/strong>que da nombre al municipio salva el curso del r\u00edo Arga. Tambi\u00e9n conocido como puente de la Rabia ha sido testigo hasta hace unos a\u00f1os de <strong>una singular tradici\u00f3n<\/strong>: se obligaba a los animales a pasar alrededor de su pilar central para evitar la rabia, pues seg\u00fan cuenta la leyenda ostenta ese poder sobrenatural.<\/p>\n<div><strong>Albergue Segunda Etapa<\/strong><br \/>\nAvenida de Roncesvalles, 22 \u2013 31630 <strong>ZUBIRI<\/strong> (NAVARRA)<br \/>\nTel\u00e9fono (+34) 948304170 | M\u00f3vil: (+34) 697186560<br \/>\n<em><a href=\"mailto:info@alberguesegundaetapa.com\">info@alberguesegundaetapa.com<\/a><\/em><\/div>\n<p style=\"text-align: center;\"><em><strong>Registro Turismo Gobierno de Navarra: UAB0116<\/strong><\/em><\/p>\n<\/div>\n<p style=\"text-align: center;\">Albergue Segunda Etapa is a modern and cozy hostel. Where everyone looking for comfort and a place to relax is welcome.<\/p>\n<p style=\"text-align: center;\">Located halfway between Orreaga \/ Roncesvalles and Pamplona, \u200b\u200bwe find this locality, an obligatory stop on the Camino de Santiago Franc\u00e9s.<\/p>\n<p>Surrounded by beautiful scenery, Zubiri is the capital of the Esteribar valley. Although the village has recently been transformed, it preserves some characteristic house of the XVIII century.<\/p>\n<p><\/p>","protected":false},"excerpt":{"rendered":"<p>Albergue Segunda Etapa, Camino de Santiago, ZUBIRI, Navarra img class=&#8221;alignnone wp-image-364 size-full aligncenter&#8221; title=&#8221;Albergue Segunda Etapa, Camino de Santiago, ZUBIRI,&nbsp;[&hellip;]<\/p>\n","protected":false},"author":1,"featured_media":0,"parent":0,"menu_order":0,"comment_status":"closed","ping_status":"closed","template":"page-templates\/template_fullwidth.php","meta":{"_monsterinsights_skip_tracking":false,"_monsterinsights_sitenote_active":false,"_monsterinsights_sitenote_note":"","_monsterinsights_sitenote_category":0,"ngg_post_thumbnail":0,"footnotes":""},"class_list":["post-2","page","type-page","status-publish","hentry","post-item clearfix"],"yoast_head":"<!-- This site is optimized with the Yoast SEO plugin v27.4 - https:\/\/yoast.com\/product\/yoast-seo-wordpress\/ -->\n<title>Albergue Segunda Etapa, Camino de Santiago, ZUBIRI, Navarra<\/title>\n<meta name=\"description\" content=\"Albergue Segunda Etapa, Camino de Santiago, ZUBIRI, Navarra, Situada a mitad de camino entre Roncesvalles y Pamplona en la avenida de Roncesvalles 22 Zubiri\" \/>\n<meta name=\"robots\" content=\"noindex, follow, max-snippet:-1, max-image-preview:large, max-video-preview:-1\" \/>\n<meta property=\"og:locale\" content=\"en_US\" \/>\n<meta property=\"og:type\" content=\"article\" \/>\n<meta property=\"og:title\" content=\"Albergue Segunda Etapa, Camino de Santiago, ZUBIRI, Navarra\" \/>\n<meta property=\"og:description\" content=\"Albergue Segunda Etapa, Camino de Santiago, ZUBIRI, Navarra, Situada a mitad de camino entre Roncesvalles y Pamplona en la avenida de Roncesvalles 22 Zubiri\" \/>\n<meta property=\"og:url\" content=\"http:\/\/alberguesegundaetapa.com\/en\/\" \/>\n<meta property=\"og:site_name\" content=\"Albergue Segunda Etapa ZUBIRI Camino de Santiago\" \/>\n<meta property=\"article:publisher\" content=\"https:\/\/www.facebook.com\/alberguesegundaetapazubiri\/\" \/>\n<meta property=\"article:modified_time\" content=\"2017-04-06T10:48:04+00:00\" \/>\n<meta property=\"og:image\" content=\"http:\/\/alberguesegundaetapa.com\/wp-content\/uploads\/2016\/08\/Albergue-camino-de-santiago-Zubiri-Navarra.jpg\" \/>\n\t<meta property=\"og:image:width\" content=\"450\" \/>\n\t<meta property=\"og:image:height\" content=\"46\" \/>\n\t<meta property=\"og:image:type\" content=\"image\/jpeg\" \/>\n<meta name=\"twitter:card\" content=\"summary_large_image\" \/>\n<meta name=\"twitter:site\" content=\"@albergue2etapa\" \/>\n<meta name=\"twitter:label1\" content=\"Est. reading time\" \/>\n\t<meta name=\"twitter:data1\" content=\"5 minutes\" \/>\n<script type=\"application\/ld+json\" class=\"yoast-schema-graph\">{\"@context\":\"https:\\\/\\\/schema.org\",\"@graph\":[{\"@type\":\"WebPage\",\"@id\":\"http:\\\/\\\/alberguesegundaetapa.com\\\/en\\\/\",\"url\":\"http:\\\/\\\/alberguesegundaetapa.com\\\/en\\\/\",\"name\":\"Albergue Segunda Etapa, Camino de Santiago, ZUBIRI, Navarra\",\"isPartOf\":{\"@id\":\"http:\\\/\\\/alberguesegundaetapa.com\\\/en\\\/#website\"},\"primaryImageOfPage\":{\"@id\":\"http:\\\/\\\/alberguesegundaetapa.com\\\/en\\\/#primaryimage\"},\"image\":{\"@id\":\"http:\\\/\\\/alberguesegundaetapa.com\\\/en\\\/#primaryimage\"},\"thumbnailUrl\":\"http:\\\/\\\/alberguesegundaetapa.com\\\/wp-content\\\/uploads\\\/2016\\\/08\\\/Albergue-camino-de-santiago-Zubiri-Navarra.jpg\",\"datePublished\":\"2016-08-10T06:25:02+00:00\",\"dateModified\":\"2017-04-06T10:48:04+00:00\",\"description\":\"Albergue Segunda Etapa, Camino de Santiago, ZUBIRI, Navarra, Situada a mitad de camino entre Roncesvalles y Pamplona en la avenida de Roncesvalles 22 Zubiri\",\"breadcrumb\":{\"@id\":\"http:\\\/\\\/alberguesegundaetapa.com\\\/en\\\/#breadcrumb\"},\"inLanguage\":\"en-US\",\"potentialAction\":[{\"@type\":\"ReadAction\",\"target\":[\"http:\\\/\\\/alberguesegundaetapa.com\\\/en\\\/\"]}]},{\"@type\":\"ImageObject\",\"inLanguage\":\"en-US\",\"@id\":\"http:\\\/\\\/alberguesegundaetapa.com\\\/en\\\/#primaryimage\",\"url\":\"http:\\\/\\\/alberguesegundaetapa.com\\\/wp-content\\\/uploads\\\/2016\\\/08\\\/Albergue-camino-de-santiago-Zubiri-Navarra.jpg\",\"contentUrl\":\"http:\\\/\\\/alberguesegundaetapa.com\\\/wp-content\\\/uploads\\\/2016\\\/08\\\/Albergue-camino-de-santiago-Zubiri-Navarra.jpg\"},{\"@type\":\"BreadcrumbList\",\"@id\":\"http:\\\/\\\/alberguesegundaetapa.com\\\/en\\\/#breadcrumb\",\"itemListElement\":[{\"@type\":\"ListItem\",\"position\":1,\"name\":\"Portada\",\"item\":\"http:\\\/\\\/alberguesegundaetapa.com\\\/en\\\/\"},{\"@type\":\"ListItem\",\"position\":2,\"name\":\"ALBERGUE SEGUNDA ETAPA\"}]},{\"@type\":\"WebSite\",\"@id\":\"http:\\\/\\\/alberguesegundaetapa.com\\\/en\\\/#website\",\"url\":\"http:\\\/\\\/alberguesegundaetapa.com\\\/en\\\/\",\"name\":\"Albergue Segunda Etapa ZUBIRI Camino de Santiago\",\"description\":\"Albergue Segunda Etapa ZUBIRI Camino de Santiago\",\"publisher\":{\"@id\":\"http:\\\/\\\/alberguesegundaetapa.com\\\/en\\\/#organization\"},\"potentialAction\":[{\"@type\":\"SearchAction\",\"target\":{\"@type\":\"EntryPoint\",\"urlTemplate\":\"http:\\\/\\\/alberguesegundaetapa.com\\\/en\\\/?s={search_term_string}\"},\"query-input\":{\"@type\":\"PropertyValueSpecification\",\"valueRequired\":true,\"valueName\":\"search_term_string\"}}],\"inLanguage\":\"en-US\"},{\"@type\":\"Organization\",\"@id\":\"http:\\\/\\\/alberguesegundaetapa.com\\\/en\\\/#organization\",\"name\":\"Albergue Segunda etapa\",\"url\":\"http:\\\/\\\/alberguesegundaetapa.com\\\/en\\\/\",\"logo\":{\"@type\":\"ImageObject\",\"inLanguage\":\"en-US\",\"@id\":\"http:\\\/\\\/alberguesegundaetapa.com\\\/en\\\/#\\\/schema\\\/logo\\\/image\\\/\",\"url\":\"http:\\\/\\\/alberguesegundaetapa.com\\\/wp-content\\\/uploads\\\/2016\\\/08\\\/Logo.jpg\",\"contentUrl\":\"http:\\\/\\\/alberguesegundaetapa.com\\\/wp-content\\\/uploads\\\/2016\\\/08\\\/Logo.jpg\",\"width\":200,\"height\":100,\"caption\":\"Albergue Segunda etapa\"},\"image\":{\"@id\":\"http:\\\/\\\/alberguesegundaetapa.com\\\/en\\\/#\\\/schema\\\/logo\\\/image\\\/\"},\"sameAs\":[\"https:\\\/\\\/www.facebook.com\\\/alberguesegundaetapazubiri\\\/\",\"https:\\\/\\\/x.com\\\/albergue2etapa\"]}]}<\/script>\n<!-- \/ Yoast SEO plugin. -->","yoast_head_json":{"title":"Albergue Segunda Etapa, Camino de Santiago, ZUBIRI, Navarra","description":"Albergue Segunda Etapa, Camino de Santiago, ZUBIRI, Navarra, Situada a mitad de camino entre Roncesvalles y Pamplona en la avenida de Roncesvalles 22 Zubiri","robots":{"index":"noindex","follow":"follow","max-snippet":"max-snippet:-1","max-image-preview":"max-image-preview:large","max-video-preview":"max-video-preview:-1"},"og_locale":"en_US","og_type":"article","og_title":"Albergue Segunda Etapa, Camino de Santiago, ZUBIRI, Navarra","og_description":"Albergue Segunda Etapa, Camino de Santiago, ZUBIRI, Navarra, Situada a mitad de camino entre Roncesvalles y Pamplona en la avenida de Roncesvalles 22 Zubiri","og_url":"http:\/\/alberguesegundaetapa.com\/en\/","og_site_name":"Albergue Segunda Etapa ZUBIRI Camino de Santiago","article_publisher":"https:\/\/www.facebook.com\/alberguesegundaetapazubiri\/","article_modified_time":"2017-04-06T10:48:04+00:00","og_image":[{"width":450,"height":46,"url":"http:\/\/alberguesegundaetapa.com\/wp-content\/uploads\/2016\/08\/Albergue-camino-de-santiago-Zubiri-Navarra.jpg","type":"image\/jpeg"}],"twitter_card":"summary_large_image","twitter_site":"@albergue2etapa","twitter_misc":{"Est. reading time":"5 minutes"},"schema":{"@context":"https:\/\/schema.org","@graph":[{"@type":"WebPage","@id":"http:\/\/alberguesegundaetapa.com\/en\/","url":"http:\/\/alberguesegundaetapa.com\/en\/","name":"Albergue Segunda Etapa, Camino de Santiago, ZUBIRI, Navarra","isPartOf":{"@id":"http:\/\/alberguesegundaetapa.com\/en\/#website"},"primaryImageOfPage":{"@id":"http:\/\/alberguesegundaetapa.com\/en\/#primaryimage"},"image":{"@id":"http:\/\/alberguesegundaetapa.com\/en\/#primaryimage"},"thumbnailUrl":"http:\/\/alberguesegundaetapa.com\/wp-content\/uploads\/2016\/08\/Albergue-camino-de-santiago-Zubiri-Navarra.jpg","datePublished":"2016-08-10T06:25:02+00:00","dateModified":"2017-04-06T10:48:04+00:00","description":"Albergue Segunda Etapa, Camino de Santiago, ZUBIRI, Navarra, Situada a mitad de camino entre Roncesvalles y Pamplona en la avenida de Roncesvalles 22 Zubiri","breadcrumb":{"@id":"http:\/\/alberguesegundaetapa.com\/en\/#breadcrumb"},"inLanguage":"en-US","potentialAction":[{"@type":"ReadAction","target":["http:\/\/alberguesegundaetapa.com\/en\/"]}]},{"@type":"ImageObject","inLanguage":"en-US","@id":"http:\/\/alberguesegundaetapa.com\/en\/#primaryimage","url":"http:\/\/alberguesegundaetapa.com\/wp-content\/uploads\/2016\/08\/Albergue-camino-de-santiago-Zubiri-Navarra.jpg","contentUrl":"http:\/\/alberguesegundaetapa.com\/wp-content\/uploads\/2016\/08\/Albergue-camino-de-santiago-Zubiri-Navarra.jpg"},{"@type":"BreadcrumbList","@id":"http:\/\/alberguesegundaetapa.com\/en\/#breadcrumb","itemListElement":[{"@type":"ListItem","position":1,"name":"Portada","item":"http:\/\/alberguesegundaetapa.com\/en\/"},{"@type":"ListItem","position":2,"name":"ALBERGUE SEGUNDA ETAPA"}]},{"@type":"WebSite","@id":"http:\/\/alberguesegundaetapa.com\/en\/#website","url":"http:\/\/alberguesegundaetapa.com\/en\/","name":"Albergue Segunda Etapa ZUBIRI Camino de Santiago","description":"Albergue Segunda Etapa ZUBIRI Camino de Santiago","publisher":{"@id":"http:\/\/alberguesegundaetapa.com\/en\/#organization"},"potentialAction":[{"@type":"SearchAction","target":{"@type":"EntryPoint","urlTemplate":"http:\/\/alberguesegundaetapa.com\/en\/?s={search_term_string}"},"query-input":{"@type":"PropertyValueSpecification","valueRequired":true,"valueName":"search_term_string"}}],"inLanguage":"en-US"},{"@type":"Organization","@id":"http:\/\/alberguesegundaetapa.com\/en\/#organization","name":"Albergue Segunda etapa","url":"http:\/\/alberguesegundaetapa.com\/en\/","logo":{"@type":"ImageObject","inLanguage":"en-US","@id":"http:\/\/alberguesegundaetapa.com\/en\/#\/schema\/logo\/image\/","url":"http:\/\/alberguesegundaetapa.com\/wp-content\/uploads\/2016\/08\/Logo.jpg","contentUrl":"http:\/\/alberguesegundaetapa.com\/wp-content\/uploads\/2016\/08\/Logo.jpg","width":200,"height":100,"caption":"Albergue Segunda etapa"},"image":{"@id":"http:\/\/alberguesegundaetapa.com\/en\/#\/schema\/logo\/image\/"},"sameAs":["https:\/\/www.facebook.com\/alberguesegundaetapazubiri\/","https:\/\/x.com\/albergue2etapa"]}]}},"_links":{"self":[{"href":"http:\/\/alberguesegundaetapa.com\/en\/wp-json\/wp\/v2\/pages\/2","targetHints":{"allow":["GET"]}}],"collection":[{"href":"http:\/\/alberguesegundaetapa.com\/en\/wp-json\/wp\/v2\/pages"}],"about":[{"href":"http:\/\/alberguesegundaetapa.com\/en\/wp-json\/wp\/v2\/types\/page"}],"author":[{"embeddable":true,"href":"http:\/\/alberguesegundaetapa.com\/en\/wp-json\/wp\/v2\/users\/1"}],"replies":[{"embeddable":true,"href":"http:\/\/alberguesegundaetapa.com\/en\/wp-json\/wp\/v2\/comments?post=2"}],"version-history":[{"count":101,"href":"http:\/\/alberguesegundaetapa.com\/en\/wp-json\/wp\/v2\/pages\/2\/revisions"}],"predecessor-version":[{"id":574,"href":"http:\/\/alberguesegundaetapa.com\/en\/wp-json\/wp\/v2\/pages\/2\/revisions\/574"}],"wp:attachment":[{"href":"http:\/\/alberguesegundaetapa.com\/en\/wp-json\/wp\/v2\/media?parent=2"}],"curies":[{"name":"wp","href":"https:\/\/api.w.org\/{rel}","templated":true}]}}